{"id":673,"date":"2026-01-31T00:27:04","date_gmt":"2026-01-31T00:27:04","guid":{"rendered":"https:\/\/corexofitness.com\/?post_type=product&#038;p=673"},"modified":"2026-03-13T01:09:12","modified_gmt":"2026-03-13T01:09:12","slug":"stair-climber-sc-9001","status":"publish","type":"product","link":"https:\/\/corexofitness.com\/es\/product\/stair-climber-sc-9001\/","title":{"rendered":"Escaleras - SC-9001"},"content":{"rendered":"<h2>Escaleras - SC-9001<\/h2>\n<table style=\"border-collapse: collapse; font-family: Arial, sans-serif;\" border=\"1\" cellspacing=\"0\" cellpadding=\"8\">\n<thead>\n<tr style=\"background-color: #f2f2f2;\">\n<th>suelto<\/th>\n<th>presupuesto<\/th>\n<\/tr>\n<\/thead>\n<tbody>\n<tr>\n<td>Tipo de equipo<\/td>\n<td>escalador comercial<\/td>\n<\/tr>\n<tr>\n<td>Peso de la m\u00e1quina<\/td>\n<td>406 kg<\/td>\n<\/tr>\n<tr>\n<td>Dimensiones (L \u00d7 Ancho \u00d7 Alto)<\/td>\n<td>1760 \u00d7 920 \u00d7 1770 mm<\/td>\n<\/tr>\n<\/tbody>\n<\/table>","protected":false},"excerpt":{"rendered":"<p>Stair Climber &#8211; SC-9001 Item Specification Equipment Type Commercial Climber Machine Weight 406 kg Dimensions (L \u00d7 W \u00d7 H) 1760 \u00d7 920 \u00d7 1770 mm<\/p>","protected":false},"featured_media":674,"template":"","meta":[],"product_brand":[],"product_cat":[34,37],"product_tag":[],"class_list":{"0":"post-673","1":"product","2":"type-product","3":"status-publish","4":"has-post-thumbnail","6":"product_cat-aerobic-training-equipment","7":"product_cat-stair-climber-sc-aerobic-climbing-series","9":"first","10":"instock","11":"shipping-taxable","12":"product-type-simple"},"_links":{"self":[{"href":"https:\/\/corexofitness.com\/es\/wp-json\/wp\/v2\/product\/673","targetHints":{"allow":["GET"]}}],"collection":[{"href":"https:\/\/corexofitness.com\/es\/wp-json\/wp\/v2\/product"}],"about":[{"href":"https:\/\/corexofitness.com\/es\/wp-json\/wp\/v2\/types\/product"}],"wp:featuredmedia":[{"embeddable":true,"href":"https:\/\/corexofitness.com\/es\/wp-json\/wp\/v2\/media\/674"}],"wp:attachment":[{"href":"https:\/\/corexofitness.com\/es\/wp-json\/wp\/v2\/media?parent=673"}],"wp:term":[{"taxonomy":"product_brand","embeddable":true,"href":"https:\/\/corexofitness.com\/es\/wp-json\/wp\/v2\/product_brand?post=673"},{"taxonomy":"product_cat","embeddable":true,"href":"https:\/\/corexofitness.com\/es\/wp-json\/wp\/v2\/product_cat?post=673"},{"taxonomy":"product_tag","embeddable":true,"href":"https:\/\/corexofitness.com\/es\/wp-json\/wp\/v2\/product_tag?post=673"}],"curies":[{"name":"wp","href":"https:\/\/api.w.org\/{rel}","templated":true}]}}