{"id":668,"date":"2026-01-31T00:14:43","date_gmt":"2026-01-31T00:14:43","guid":{"rendered":"https:\/\/corexofitness.com\/?post_type=product&#038;p=668"},"modified":"2026-03-13T02:01:21","modified_gmt":"2026-03-13T02:01:21","slug":"elliptical-machine-ae-9002","status":"publish","type":"product","link":"https:\/\/corexofitness.com\/es\/product\/elliptical-machine-ae-9002\/","title":{"rendered":"M\u00e1quina el\u00edptica \u2013 AE-9002"},"content":{"rendered":"<h2>M\u00e1quina el\u00edptica \u2013 AE-9002<\/h2>\n<table style=\"border-collapse: collapse; font-family: Arial, sans-serif;\" border=\"1\" cellspacing=\"0\" cellpadding=\"8\">\n<thead>\n<tr style=\"background-color: #f2f2f2;\">\n<th>suelto<\/th>\n<th>presupuesto<\/th>\n<\/tr>\n<\/thead>\n<tbody>\n<tr>\n<td>Tipo de equipo<\/td>\n<td>Elliptical Machine<\/td>\n<\/tr>\n<tr>\n<td>Peso neto \/ Peso bruto<\/td>\n<td>81 kg \/ 93 kg<\/td>\n<\/tr>\n<tr>\n<td>Dimensiones ensambladas (L \u00d7 Ancho \u00d7 Alto)<\/td>\n<td>2160 \u00d7 770 \u00d7 980 mm<\/td>\n<\/tr>\n<tr>\n<td>Tama\u00f1o del cart\u00f3n de embalaje<\/td>\n<td>2060 \u00d7 600 \u00d7 750 mm<\/td>\n<\/tr>\n<tr>\n<td>muestra<\/td>\n<td>LED<\/td>\n<\/tr>\n<\/tbody>\n<\/table>","protected":false},"excerpt":{"rendered":"<p>Elliptical Machine &#8211; AE-9002 Item Specification Equipment Type Elliptical Machine Net Weight \/ Gross Weight 81 kg \/ 93 kg Assembled Dimensions (L \u00d7 W \u00d7 H) 2160 \u00d7 770 \u00d7 980 mm Packaging Carton Size 2060 \u00d7 600 \u00d7 750 mm Display LED<\/p>","protected":false},"featured_media":669,"template":"","meta":[],"product_brand":[],"product_cat":[34,36],"product_tag":[],"class_list":{"0":"post-668","1":"product","2":"type-product","3":"status-publish","4":"has-post-thumbnail","6":"product_cat-aerobic-training-equipment","7":"product_cat-elliptical-machine-ae-series","9":"first","10":"instock","11":"shipping-taxable","12":"product-type-simple"},"_links":{"self":[{"href":"https:\/\/corexofitness.com\/es\/wp-json\/wp\/v2\/product\/668","targetHints":{"allow":["GET"]}}],"collection":[{"href":"https:\/\/corexofitness.com\/es\/wp-json\/wp\/v2\/product"}],"about":[{"href":"https:\/\/corexofitness.com\/es\/wp-json\/wp\/v2\/types\/product"}],"wp:featuredmedia":[{"embeddable":true,"href":"https:\/\/corexofitness.com\/es\/wp-json\/wp\/v2\/media\/669"}],"wp:attachment":[{"href":"https:\/\/corexofitness.com\/es\/wp-json\/wp\/v2\/media?parent=668"}],"wp:term":[{"taxonomy":"product_brand","embeddable":true,"href":"https:\/\/corexofitness.com\/es\/wp-json\/wp\/v2\/product_brand?post=668"},{"taxonomy":"product_cat","embeddable":true,"href":"https:\/\/corexofitness.com\/es\/wp-json\/wp\/v2\/product_cat?post=668"},{"taxonomy":"product_tag","embeddable":true,"href":"https:\/\/corexofitness.com\/es\/wp-json\/wp\/v2\/product_tag?post=668"}],"curies":[{"name":"wp","href":"https:\/\/api.w.org\/{rel}","templated":true}]}}