{"id":666,"date":"2026-01-31T00:09:24","date_gmt":"2026-01-31T00:09:24","guid":{"rendered":"https:\/\/corexofitness.com\/?post_type=product&#038;p=666"},"modified":"2026-03-13T02:03:33","modified_gmt":"2026-03-13T02:03:33","slug":"elliptical-machine-ae-9001","status":"publish","type":"product","link":"https:\/\/corexofitness.com\/es\/product\/elliptical-machine-ae-9001\/","title":{"rendered":"M\u00e1quina el\u00edptica \u2013 AE-9001"},"content":{"rendered":"<h2>M\u00e1quina el\u00edptica \u2013 AE-9001<\/h2>\n<table style=\"border-collapse: collapse; font-family: Arial, sans-serif;\" border=\"1\" cellspacing=\"0\" cellpadding=\"8\">\n<thead>\n<tr style=\"background-color: #f2f2f2;\">\n<th>suelto<\/th>\n<th>presupuesto<\/th>\n<\/tr>\n<\/thead>\n<tbody>\n<tr>\n<td>Tipo de equipo<\/td>\n<td>Elliptical Machine<\/td>\n<\/tr>\n<tr>\n<td>Peso neto \/ Peso bruto<\/td>\n<td>124 kg \/ 144 kg<\/td>\n<\/tr>\n<tr>\n<td>Dimensiones ensambladas (L \u00d7 Ancho \u00d7 Alto)<\/td>\n<td>2050 \u00d7 660 \u00d7 1800 mm<\/td>\n<\/tr>\n<tr>\n<td>Tama\u00f1o del cart\u00f3n de embalaje<\/td>\n<td>2130 \u00d7 730 \u00d7 880 mm<\/td>\n<\/tr>\n<tr>\n<td>muestra<\/td>\n<td>LED<\/td>\n<\/tr>\n<\/tbody>\n<\/table>","protected":false},"excerpt":{"rendered":"<p>Elliptical Machine &#8211; AE-9001 Item Specification Equipment Type Elliptical Machine Net Weight \/ Gross Weight 124 kg \/ 144 kg Assembled Dimensions (L \u00d7 W \u00d7 H) 2050 \u00d7 660 \u00d7 1800 mm Packaging Carton Size 2130 \u00d7 730 \u00d7 880 mm Display LED<\/p>","protected":false},"featured_media":667,"template":"","meta":[],"product_brand":[],"product_cat":[34,36],"product_tag":[],"class_list":{"0":"post-666","1":"product","2":"type-product","3":"status-publish","4":"has-post-thumbnail","6":"product_cat-aerobic-training-equipment","7":"product_cat-elliptical-machine-ae-series","9":"first","10":"instock","11":"shipping-taxable","12":"product-type-simple"},"_links":{"self":[{"href":"https:\/\/corexofitness.com\/es\/wp-json\/wp\/v2\/product\/666","targetHints":{"allow":["GET"]}}],"collection":[{"href":"https:\/\/corexofitness.com\/es\/wp-json\/wp\/v2\/product"}],"about":[{"href":"https:\/\/corexofitness.com\/es\/wp-json\/wp\/v2\/types\/product"}],"wp:featuredmedia":[{"embeddable":true,"href":"https:\/\/corexofitness.com\/es\/wp-json\/wp\/v2\/media\/667"}],"wp:attachment":[{"href":"https:\/\/corexofitness.com\/es\/wp-json\/wp\/v2\/media?parent=666"}],"wp:term":[{"taxonomy":"product_brand","embeddable":true,"href":"https:\/\/corexofitness.com\/es\/wp-json\/wp\/v2\/product_brand?post=666"},{"taxonomy":"product_cat","embeddable":true,"href":"https:\/\/corexofitness.com\/es\/wp-json\/wp\/v2\/product_cat?post=666"},{"taxonomy":"product_tag","embeddable":true,"href":"https:\/\/corexofitness.com\/es\/wp-json\/wp\/v2\/product_tag?post=666"}],"curies":[{"name":"wp","href":"https:\/\/api.w.org\/{rel}","templated":true}]}}