{"id":662,"date":"2026-01-30T09:33:44","date_gmt":"2026-01-30T09:33:44","guid":{"rendered":"https:\/\/corexofitness.com\/?post_type=product&#038;p=662"},"modified":"2026-03-13T02:07:33","modified_gmt":"2026-03-13T02:07:33","slug":"commercial-treadmill-at-t6001","status":"publish","type":"product","link":"https:\/\/corexofitness.com\/es\/product\/commercial-treadmill-at-t6001\/","title":{"rendered":"Cinta de correr comercial \u2013 AT-T6001"},"content":{"rendered":"<h2>Cinta de correr comercial \u2013 AT-T6001<\/h2>\n<table style=\"border-collapse: collapse; font-family: Arial, sans-serif;\" border=\"1\" cellspacing=\"0\" cellpadding=\"8\">\n<thead>\n<tr style=\"background-color: #f2f2f2;\">\n<th>suelto<\/th>\n<th>presupuesto<\/th>\n<\/tr>\n<\/thead>\n<tbody>\n<tr>\n<td>Tipo de equipo<\/td>\n<td>cinta de correr<\/td>\n<\/tr>\n<tr>\n<td>Peso neto \/ Peso bruto<\/td>\n<td>244 kg (modelo LED) \/ 247 kg (modelo LCD) \u2014 Peso bruto: 284 kg<\/td>\n<\/tr>\n<tr>\n<td>Dimensiones ensambladas (L \u00d7 Ancho \u00d7 Alto)<\/td>\n<td>2222 \u00d7 930 \u00d7 1700 mm<\/td>\n<\/tr>\n<tr>\n<td>empaquetado<\/td>\n<td>Cart\u00f3n: 1100 \u00d7 1050 \u00d7 300 mm<br \/>\nCaja de madera contrachapada: 2310 \u00d7 960 \u00d7 650 mm<\/td>\n<\/tr>\n<tr>\n<td>muestra<\/td>\n<td>LCD o LED, 21.5 pulgadas<\/td>\n<\/tr>\n<tr>\n<td>Potencia de entrada<\/td>\n<td>220 V, 8,6 A<\/td>\n<\/tr>\n<tr>\n<td>potencia del motor<\/td>\n<td>3,0 HP (2,2 kW)<\/td>\n<\/tr>\n<tr>\n<td>Rango de velocidad<\/td>\n<td>1.0 \u2013 20.0 km\/h<\/td>\n<\/tr>\n<tr>\n<td>Rango de inclinaci\u00f3n<\/td>\n<td>0 \u2013 20.0\u00b0<\/td>\n<\/tr>\n<tr>\n<td>Espesor de la correa de funcionamiento<\/td>\n<td>2,4 mm<\/td>\n<\/tr>\n<tr>\n<td>Espesor de plataforma de funcionamiento<\/td>\n<td>25 mm<\/td>\n<\/tr>\n<tr>\n<td>\u00e1rea de entrada<\/td>\n<td>1587 \u00d7 580 mm<\/td>\n<\/tr>\n<\/tbody>\n<\/table>","protected":false},"excerpt":{"rendered":"<p>Commercial Treadmill &#8211; AT-T6001 Item Specification Equipment Type Commercial Treadmill Net Weight \/ Gross Weight 244 kg (LED model) \/ 247 kg (LCD model) \u2014 Gross Weight: 284 kg Assembled Dimensions (L \u00d7 W \u00d7 H) 2222 \u00d7 930 \u00d7 1700 mm Packaging Carton: 1100 \u00d7 1050 \u00d7 300 mm Plywood Box: 2310 \u00d7 960 [&hellip;]<\/p>\n","protected":false},"featured_media":664,"template":"","meta":[],"product_brand":[],"product_cat":[34,35],"product_tag":[],"class_list":{"0":"post-662","1":"product","2":"type-product","3":"status-publish","4":"has-post-thumbnail","6":"product_cat-aerobic-training-equipment","7":"product_cat-commercial-treadmill-non-powered-treadmill","9":"first","10":"instock","11":"shipping-taxable","12":"product-type-simple"},"_links":{"self":[{"href":"https:\/\/corexofitness.com\/es\/wp-json\/wp\/v2\/product\/662","targetHints":{"allow":["GET"]}}],"collection":[{"href":"https:\/\/corexofitness.com\/es\/wp-json\/wp\/v2\/product"}],"about":[{"href":"https:\/\/corexofitness.com\/es\/wp-json\/wp\/v2\/types\/product"}],"wp:featuredmedia":[{"embeddable":true,"href":"https:\/\/corexofitness.com\/es\/wp-json\/wp\/v2\/media\/664"}],"wp:attachment":[{"href":"https:\/\/corexofitness.com\/es\/wp-json\/wp\/v2\/media?parent=662"}],"wp:term":[{"taxonomy":"product_brand","embeddable":true,"href":"https:\/\/corexofitness.com\/es\/wp-json\/wp\/v2\/product_brand?post=662"},{"taxonomy":"product_cat","embeddable":true,"href":"https:\/\/corexofitness.com\/es\/wp-json\/wp\/v2\/product_cat?post=662"},{"taxonomy":"product_tag","embeddable":true,"href":"https:\/\/corexofitness.com\/es\/wp-json\/wp\/v2\/product_tag?post=662"}],"curies":[{"name":"wp","href":"https:\/\/api.w.org\/{rel}","templated":true}]}}