{"id":660,"date":"2026-01-30T09:23:56","date_gmt":"2026-01-30T09:23:56","guid":{"rendered":"https:\/\/corexofitness.com\/?post_type=product&#038;p=660"},"modified":"2026-03-13T02:10:07","modified_gmt":"2026-03-13T02:10:07","slug":"commercial-treadmill-at-t7001","status":"publish","type":"product","link":"https:\/\/corexofitness.com\/es\/product\/commercial-treadmill-at-t7001\/","title":{"rendered":"Cinta de correr comercial \u2013 AT-T7001"},"content":{"rendered":"<h2>Cinta de correr comercial \u2013 AT-T7001<\/h2>\n<table style=\"border-collapse: collapse; font-family: Arial, sans-serif;\" border=\"1\" cellspacing=\"0\" cellpadding=\"8\">\n<thead>\n<tr style=\"background-color: #f2f2f2;\">\n<th>suelto<\/th>\n<th>presupuesto<\/th>\n<\/tr>\n<\/thead>\n<tbody>\n<tr>\n<td>\u00e1rea de entrada<\/td>\n<td>1550 \u00d7 560 mm<\/td>\n<\/tr>\n<tr>\n<td>Grosor de la correa<\/td>\n<td>3 mm<\/td>\n<\/tr>\n<tr>\n<td>conservaci\u00f3n<\/td>\n<td>libre<\/td>\n<\/tr>\n<tr>\n<td>Tama\u00f1o de la pantalla<\/td>\n<td>22 pulgadas<\/td>\n<\/tr>\n<tr>\n<td>Dimensiones del producto (L \u00d7 Ancho \u00d7 Alto)<\/td>\n<td>1800 \u00d7 930 \u00d7 1535 mm<\/td>\n<\/tr>\n<tr>\n<td>Ancho de plataforma<\/td>\n<td>860 mm<\/td>\n<\/tr>\n<tr>\n<td>peso neto<\/td>\n<td>133 kg<\/td>\n<\/tr>\n<tr>\n<td>peso bruto<\/td>\n<td>166 kg<\/td>\n<\/tr>\n<tr>\n<td>Programas preestablecidos<\/td>\n<td>Modos de control de frecuencia card\u00edaca, de frecuencia card\u00edaca, cuenta atr\u00e1s de calor\u00edas y de control de frecuencia card\u00edaca<\/td>\n<\/tr>\n<tr>\n<td>Iluminaci\u00f3n ambiental<\/td>\n<td>Tiras de LED azules en ambos lados de la plataforma de running: apagado en modo de espera, azul iluminado durante la operaci\u00f3n<\/td>\n<\/tr>\n<tr>\n<td>cubierta de las aguas<\/td>\n<td>Deck de madera contrachapada de 25 capas de alta resistencia, capacidad de carga est\u00e1tica m\u00e1xima: 600 kg<\/td>\n<\/tr>\n<\/tbody>\n<\/table>","protected":false},"excerpt":{"rendered":"<p>Commercial Treadmill &#8211; AT-T7001 Item Specification Running Area 1550 \u00d7 560 mm Belt Thickness 3 mm Maintenance Free-Maintenance Display Size 22 inches Product Dimensions (L \u00d7 W \u00d7 H) 1800 \u00d7 930 \u00d7 1535 mm Running Deck Width 860 mm Net Weight 133 kg Gross Weight 166 kg Preset Programs P1\u2013P8, plus Time, Heart Rate, [&hellip;]<\/p>\n","protected":false},"featured_media":661,"template":"","meta":[],"product_brand":[],"product_cat":[34,35],"product_tag":[],"class_list":{"0":"post-660","1":"product","2":"type-product","3":"status-publish","4":"has-post-thumbnail","6":"product_cat-aerobic-training-equipment","7":"product_cat-commercial-treadmill-non-powered-treadmill","9":"first","10":"instock","11":"shipping-taxable","12":"product-type-simple"},"_links":{"self":[{"href":"https:\/\/corexofitness.com\/es\/wp-json\/wp\/v2\/product\/660","targetHints":{"allow":["GET"]}}],"collection":[{"href":"https:\/\/corexofitness.com\/es\/wp-json\/wp\/v2\/product"}],"about":[{"href":"https:\/\/corexofitness.com\/es\/wp-json\/wp\/v2\/types\/product"}],"wp:featuredmedia":[{"embeddable":true,"href":"https:\/\/corexofitness.com\/es\/wp-json\/wp\/v2\/media\/661"}],"wp:attachment":[{"href":"https:\/\/corexofitness.com\/es\/wp-json\/wp\/v2\/media?parent=660"}],"wp:term":[{"taxonomy":"product_brand","embeddable":true,"href":"https:\/\/corexofitness.com\/es\/wp-json\/wp\/v2\/product_brand?post=660"},{"taxonomy":"product_cat","embeddable":true,"href":"https:\/\/corexofitness.com\/es\/wp-json\/wp\/v2\/product_cat?post=660"},{"taxonomy":"product_tag","embeddable":true,"href":"https:\/\/corexofitness.com\/es\/wp-json\/wp\/v2\/product_tag?post=660"}],"curies":[{"name":"wp","href":"https:\/\/api.w.org\/{rel}","templated":true}]}}