{"id":658,"date":"2026-01-30T09:14:59","date_gmt":"2026-01-30T09:14:59","guid":{"rendered":"https:\/\/corexofitness.com\/?post_type=product&#038;p=658"},"modified":"2026-03-13T02:47:05","modified_gmt":"2026-03-13T02:47:05","slug":"commercial-treadmill-at-t8001","status":"publish","type":"product","link":"https:\/\/corexofitness.com\/es\/product\/commercial-treadmill-at-t8001\/","title":{"rendered":"Cinta de correr comercial \u2013 AT-T8001"},"content":{"rendered":"<h2>Cinta de correr comercial \u2013 AT-T8001<\/h2>\n<table style=\"border-collapse: collapse; font-family: Arial, sans-serif;\" border=\"1\" cellspacing=\"0\" cellpadding=\"8\">\n<thead>\n<tr style=\"background-color: #f2f2f2;\">\n<th>suelto<\/th>\n<th>presupuesto<\/th>\n<\/tr>\n<\/thead>\n<tbody>\n<tr>\n<td>Tipo de equipo<\/td>\n<td>Cinta de correr comercial (Android)<\/td>\n<\/tr>\n<tr>\n<td>Tama\u00f1o de la pantalla trasera (An \u00d7 Alto)<\/td>\n<td>385 \u00d7 250 mm<\/td>\n<\/tr>\n<tr>\n<td>Dimensiones del producto (L \u00d7 Ancho \u00d7 Alto)<\/td>\n<td>2250 \u00d7 1010 \u00d7 1830 mm<\/td>\n<\/tr>\n<tr>\n<td>\u00e1rea de entrada<\/td>\n<td>1660 \u00d7 600 mm<\/td>\n<\/tr>\n<tr>\n<td>Tama\u00f1o de la plataforma para correr<\/td>\n<td>1450 \u00d7 665 mm<\/td>\n<\/tr>\n<tr>\n<td>Peso neto (N.W.)<\/td>\n<td>294 kg<\/td>\n<\/tr>\n<tr>\n<td>Peso m\u00e1ximo del usuario<\/td>\n<td>150 kg<\/td>\n<\/tr>\n<tr>\n<td>Rango de velocidad<\/td>\n<td>1 \u2013 20 km\/h<\/td>\n<\/tr>\n<tr>\n<td>Rango de inclinaci\u00f3n<\/td>\n<td>0% \u2013 20%<\/td>\n<\/tr>\n<tr>\n<td>potencia del motor<\/td>\n<td>3,0 \u2013 7,0 CV (2,2 kW)<\/td>\n<\/tr>\n<tr>\n<td>Voltaje de entrada<\/td>\n<td>CA 220 V \u00b110% (50 Hz o 60 Hz)<\/td>\n<\/tr>\n<tr>\n<td>Idiomas admiti<\/td>\n<td>Chino, Ingl\u00e9s, Franc\u00e9s, Japon\u00e9s, Espa\u00f1ol, Portugu\u00e9s, Alem\u00e1n, Ruso, Coreano, Checo, Italiano<\/td>\n<\/tr>\n<\/tbody>\n<\/table>","protected":false},"excerpt":{"rendered":"<p>Commercial Treadmill &#8211; AT-T8001 Item Specification Equipment Type Commercial Treadmill (Android) Rear Display Size (W \u00d7 H) 385 \u00d7 250 mm Product Dimensions (L \u00d7 W \u00d7 H) 2250 \u00d7 1010 \u00d7 1830 mm Running Area 1660 \u00d7 600 mm Running Deck Size 1450 \u00d7 665 mm Net Weight (N.W.) 294 kg Maximum User Weight [&hellip;]<\/p>\n","protected":false},"featured_media":659,"template":"","meta":[],"product_brand":[],"product_cat":[34,35],"product_tag":[],"class_list":{"0":"post-658","1":"product","2":"type-product","3":"status-publish","4":"has-post-thumbnail","6":"product_cat-aerobic-training-equipment","7":"product_cat-commercial-treadmill-non-powered-treadmill","9":"first","10":"instock","11":"shipping-taxable","12":"product-type-simple"},"_links":{"self":[{"href":"https:\/\/corexofitness.com\/es\/wp-json\/wp\/v2\/product\/658","targetHints":{"allow":["GET"]}}],"collection":[{"href":"https:\/\/corexofitness.com\/es\/wp-json\/wp\/v2\/product"}],"about":[{"href":"https:\/\/corexofitness.com\/es\/wp-json\/wp\/v2\/types\/product"}],"wp:featuredmedia":[{"embeddable":true,"href":"https:\/\/corexofitness.com\/es\/wp-json\/wp\/v2\/media\/659"}],"wp:attachment":[{"href":"https:\/\/corexofitness.com\/es\/wp-json\/wp\/v2\/media?parent=658"}],"wp:term":[{"taxonomy":"product_brand","embeddable":true,"href":"https:\/\/corexofitness.com\/es\/wp-json\/wp\/v2\/product_brand?post=658"},{"taxonomy":"product_cat","embeddable":true,"href":"https:\/\/corexofitness.com\/es\/wp-json\/wp\/v2\/product_cat?post=658"},{"taxonomy":"product_tag","embeddable":true,"href":"https:\/\/corexofitness.com\/es\/wp-json\/wp\/v2\/product_tag?post=658"}],"curies":[{"name":"wp","href":"https:\/\/api.w.org\/{rel}","templated":true}]}}