{"id":655,"date":"2026-01-30T09:03:07","date_gmt":"2026-01-30T09:03:07","guid":{"rendered":"https:\/\/corexofitness.com\/?post_type=product&#038;p=655"},"modified":"2026-03-13T03:06:32","modified_gmt":"2026-03-13T03:06:32","slug":"training-bench-fb1003","status":"publish","type":"product","link":"https:\/\/corexofitness.com\/es\/product\/training-bench-fb1003\/","title":{"rendered":"Banco de entrenamiento \u2013 FB1003"},"content":{"rendered":"<h2>Banco de entrenamiento \u2013 FB1003<\/h2>\n<table style=\"border-collapse: collapse; font-family: Arial, sans-serif;\" border=\"1\" cellspacing=\"0\" cellpadding=\"8\">\n<thead>\n<tr style=\"background-color: #f2f2f2;\">\n<th>suelto<\/th>\n<th>presupuesto<\/th>\n<\/tr>\n<\/thead>\n<tbody>\n<tr>\n<td>Tipo de equipo<\/td>\n<td>Flat Bench<\/td>\n<\/tr>\n<tr>\n<td>Peso neto \/ Peso bruto<\/td>\n<td>20 kg \/ 31 kg<\/td>\n<\/tr>\n<tr>\n<td>Dimensiones ensambladas (L \u00d7 Ancho \u00d7 Alto)<\/td>\n<td>1276 \u00d7 658 \u00d7 400 mm<\/td>\n<\/tr>\n<tr>\n<td>Tama\u00f1o del cart\u00f3n de embalaje<\/td>\n<td>1500 \u00d7 1150 \u00d7 650 mm<\/td>\n<\/tr>\n<\/tbody>\n<\/table>","protected":false},"excerpt":{"rendered":"<p>Training Bench &#8211; FB1003 Item Specification Equipment Type Flat Bench Net Weight \/ Gross Weight 20 kg \/ 31 kg Assembled Dimensions (L \u00d7 W \u00d7 H) 1276 \u00d7 658 \u00d7 400 mm Packaging Carton Size 1500 \u00d7 1150 \u00d7 650 mm<\/p>","protected":false},"featured_media":656,"template":"","meta":[],"product_brand":[],"product_cat":[33,30],"product_tag":[],"class_list":{"0":"post-655","1":"product","2":"type-product","3":"status-publish","4":"has-post-thumbnail","6":"product_cat-benches-training-bench-fb-series","7":"product_cat-free-power-equipment","9":"first","10":"instock","11":"shipping-taxable","12":"product-type-simple"},"_links":{"self":[{"href":"https:\/\/corexofitness.com\/es\/wp-json\/wp\/v2\/product\/655","targetHints":{"allow":["GET"]}}],"collection":[{"href":"https:\/\/corexofitness.com\/es\/wp-json\/wp\/v2\/product"}],"about":[{"href":"https:\/\/corexofitness.com\/es\/wp-json\/wp\/v2\/types\/product"}],"wp:featuredmedia":[{"embeddable":true,"href":"https:\/\/corexofitness.com\/es\/wp-json\/wp\/v2\/media\/656"}],"wp:attachment":[{"href":"https:\/\/corexofitness.com\/es\/wp-json\/wp\/v2\/media?parent=655"}],"wp:term":[{"taxonomy":"product_brand","embeddable":true,"href":"https:\/\/corexofitness.com\/es\/wp-json\/wp\/v2\/product_brand?post=655"},{"taxonomy":"product_cat","embeddable":true,"href":"https:\/\/corexofitness.com\/es\/wp-json\/wp\/v2\/product_cat?post=655"},{"taxonomy":"product_tag","embeddable":true,"href":"https:\/\/corexofitness.com\/es\/wp-json\/wp\/v2\/product_tag?post=655"}],"curies":[{"name":"wp","href":"https:\/\/api.w.org\/{rel}","templated":true}]}}