{"id":648,"date":"2026-01-30T08:52:26","date_gmt":"2026-01-30T08:52:26","guid":{"rendered":"https:\/\/corexofitness.com\/?post_type=product&#038;p=648"},"modified":"2026-03-14T05:53:28","modified_gmt":"2026-03-14T05:53:28","slug":"squat-rack-fr2003","status":"publish","type":"product","link":"https:\/\/corexofitness.com\/es\/product\/squat-rack-fr2003\/","title":{"rendered":"Estante para sentadillas \u2013 FR2003"},"content":{"rendered":"<h2>Estante para sentadillas \u2013 FR2003<\/h2>\n<table style=\"border-collapse: collapse; font-family: Arial, sans-serif;\" border=\"1\" cellspacing=\"0\" cellpadding=\"8\">\n<thead>\n<tr style=\"background-color: #f2f2f2;\">\n<th>suelto<\/th>\n<th>presupuesto<\/th>\n<\/tr>\n<\/thead>\n<tbody>\n<tr>\n<td>Tipo de equipo<\/td>\n<td>Squat Rack<\/td>\n<\/tr>\n<tr>\n<td>Peso neto \/ Peso bruto<\/td>\n<td>145 kg \/ 175 kg<\/td>\n<\/tr>\n<tr>\n<td>Dimensiones ensambladas (L \u00d7 Ancho \u00d7 Alto)<\/td>\n<td>1880 \u00d7 1422 \u00d7 2370 mm<\/td>\n<\/tr>\n<tr>\n<td>Tama\u00f1o del cart\u00f3n de embalaje<\/td>\n<td>2350 \u00d7 800 \u00d7 430 mm<\/td>\n<\/tr>\n<\/tbody>\n<\/table>","protected":false},"excerpt":{"rendered":"<p>Squat Rack &#8211; FR2003 Item Specification Equipment Type Squat Rack Net Weight \/ Gross Weight 145 kg \/ 175 kg Assembled Dimensions (L \u00d7 W \u00d7 H) 1880 \u00d7 1422 \u00d7 2370 mm Packaging Carton Size 2350 \u00d7 800 \u00d7 430 mm<\/p>","protected":false},"featured_media":649,"template":"","meta":[],"product_brand":[],"product_cat":[30,31],"product_tag":[],"class_list":{"0":"post-648","1":"product","2":"type-product","3":"status-publish","4":"has-post-thumbnail","6":"product_cat-free-power-equipment","7":"product_cat-racksframes-power-frame-fr-series","9":"first","10":"instock","11":"shipping-taxable","12":"product-type-simple"},"_links":{"self":[{"href":"https:\/\/corexofitness.com\/es\/wp-json\/wp\/v2\/product\/648","targetHints":{"allow":["GET"]}}],"collection":[{"href":"https:\/\/corexofitness.com\/es\/wp-json\/wp\/v2\/product"}],"about":[{"href":"https:\/\/corexofitness.com\/es\/wp-json\/wp\/v2\/types\/product"}],"wp:featuredmedia":[{"embeddable":true,"href":"https:\/\/corexofitness.com\/es\/wp-json\/wp\/v2\/media\/649"}],"wp:attachment":[{"href":"https:\/\/corexofitness.com\/es\/wp-json\/wp\/v2\/media?parent=648"}],"wp:term":[{"taxonomy":"product_brand","embeddable":true,"href":"https:\/\/corexofitness.com\/es\/wp-json\/wp\/v2\/product_brand?post=648"},{"taxonomy":"product_cat","embeddable":true,"href":"https:\/\/corexofitness.com\/es\/wp-json\/wp\/v2\/product_cat?post=648"},{"taxonomy":"product_tag","embeddable":true,"href":"https:\/\/corexofitness.com\/es\/wp-json\/wp\/v2\/product_tag?post=648"}],"curies":[{"name":"wp","href":"https:\/\/api.w.org\/{rel}","templated":true}]}}