{"id":644,"date":"2026-01-30T08:45:24","date_gmt":"2026-01-30T08:45:24","guid":{"rendered":"https:\/\/corexofitness.com\/?post_type=product&#038;p=644"},"modified":"2026-03-14T05:56:37","modified_gmt":"2026-03-14T05:56:37","slug":"squat-rack-fr2001","status":"publish","type":"product","link":"https:\/\/corexofitness.com\/es\/product\/squat-rack-fr2001\/","title":{"rendered":"Estante para sentadillas \u2013 FR2001"},"content":{"rendered":"<h2>Estante para sentadillas \u2013 FR2001<\/h2>\n<table style=\"border-collapse: collapse; font-family: Arial, sans-serif;\" border=\"1\" cellspacing=\"0\" cellpadding=\"8\">\n<thead>\n<tr style=\"background-color: #f2f2f2;\">\n<th>suelto<\/th>\n<th>presupuesto<\/th>\n<\/tr>\n<\/thead>\n<tbody>\n<tr>\n<td>Tipo de equipo<\/td>\n<td>Power Cage<\/td>\n<\/tr>\n<tr>\n<td>Peso de la m\u00e1quina<\/td>\n<td>135 kg<\/td>\n<\/tr>\n<tr>\n<td>Dimensiones (L \u00d7 Ancho \u00d7 Alto)<\/td>\n<td>1532 \u00d7 1433 \u00d7 2299 mm<\/td>\n<\/tr>\n<\/tbody>\n<\/table>","protected":false},"excerpt":{"rendered":"<p>Squat Rack &#8211; FR2001 Item Specification Equipment Type Power Cage Machine Weight 135 kg Dimensions (L \u00d7 W \u00d7 H) 1532 \u00d7 1433 \u00d7 2299 mm<\/p>","protected":false},"featured_media":645,"template":"","meta":[],"product_brand":[],"product_cat":[30,31],"product_tag":[],"class_list":{"0":"post-644","1":"product","2":"type-product","3":"status-publish","4":"has-post-thumbnail","6":"product_cat-free-power-equipment","7":"product_cat-racksframes-power-frame-fr-series","9":"first","10":"instock","11":"shipping-taxable","12":"product-type-simple"},"_links":{"self":[{"href":"https:\/\/corexofitness.com\/es\/wp-json\/wp\/v2\/product\/644","targetHints":{"allow":["GET"]}}],"collection":[{"href":"https:\/\/corexofitness.com\/es\/wp-json\/wp\/v2\/product"}],"about":[{"href":"https:\/\/corexofitness.com\/es\/wp-json\/wp\/v2\/types\/product"}],"wp:featuredmedia":[{"embeddable":true,"href":"https:\/\/corexofitness.com\/es\/wp-json\/wp\/v2\/media\/645"}],"wp:attachment":[{"href":"https:\/\/corexofitness.com\/es\/wp-json\/wp\/v2\/media?parent=644"}],"wp:term":[{"taxonomy":"product_brand","embeddable":true,"href":"https:\/\/corexofitness.com\/es\/wp-json\/wp\/v2\/product_brand?post=644"},{"taxonomy":"product_cat","embeddable":true,"href":"https:\/\/corexofitness.com\/es\/wp-json\/wp\/v2\/product_cat?post=644"},{"taxonomy":"product_tag","embeddable":true,"href":"https:\/\/corexofitness.com\/es\/wp-json\/wp\/v2\/product_tag?post=644"}],"curies":[{"name":"wp","href":"https:\/\/api.w.org\/{rel}","templated":true}]}}