{"id":638,"date":"2026-01-30T08:32:29","date_gmt":"2026-01-30T08:32:29","guid":{"rendered":"https:\/\/corexofitness.com\/?post_type=product&#038;p=638"},"modified":"2026-03-12T08:16:43","modified_gmt":"2026-03-12T08:16:43","slug":"4-station-multi-gym-ms1002","status":"publish","type":"product","link":"https:\/\/corexofitness.com\/es\/product\/4-station-multi-gym-ms1002\/","title":{"rendered":"4 Estaci\u00f3n Multi Gimnasio \u2013 MS1002"},"content":{"rendered":"<h2>4 Estaci\u00f3n Multi Gimnasio \u2013 MS1002<\/h2>\n<table style=\"border-collapse: collapse; font-family: Arial, sans-serif;\" border=\"1\" cellspacing=\"0\" cellpadding=\"8\">\n<thead>\n<tr style=\"background-color: #f2f2f2;\">\n<th>suelto<\/th>\n<th>presupuesto<\/th>\n<\/tr>\n<\/thead>\n<tbody>\n<tr>\n<td>Tipo de equipo<\/td>\n<td>Gimnasio multiestaci\u00f3n de 4 estaciones<\/td>\n<\/tr>\n<tr>\n<td>Pila de peso de fila baja<\/td>\n<td>100 kg<\/td>\n<\/tr>\n<tr>\n<td>Pila de peso desplegable<\/td>\n<td>100 kg<\/td>\n<\/tr>\n<tr>\n<td>Pila de peso de una sola polea<\/td>\n<td>100 kg<\/td>\n<\/tr>\n<tr>\n<td>Pila de peso de mariposa<\/td>\n<td>100 kg<\/td>\n<\/tr>\n<tr>\n<td>Pila de peso total<\/td>\n<td>400 kg<\/td>\n<\/tr>\n<tr>\n<td>Peso de la m\u00e1quina<\/td>\n<td>750 kg<\/td>\n<\/tr>\n<tr>\n<td>Dimensiones (L \u00d7 Ancho \u00d7 Alto)<\/td>\n<td>3460 \u00d7 2270 \u00d7 2263 mm<\/td>\n<\/tr>\n<\/tbody>\n<\/table>","protected":false},"excerpt":{"rendered":"<p>4 Station Multi Gym &#8211; MS1002 Item Specification Equipment Type 4-Station Multi-Gym Low Row Weight Stack 100 kg Lat Pulldown Weight Stack 100 kg Single Pulley Weight Stack 100 kg Butterfly Weight Stack 100 kg Total Weight Stack 400 kg Machine Weight 750 kg Dimensions (L \u00d7 W \u00d7 H) 3460 \u00d7 2270 \u00d7 2263 [&hellip;]<\/p>\n","protected":false},"featured_media":640,"template":"","meta":[],"product_brand":[],"product_cat":[29,25],"product_tag":[],"class_list":{"0":"post-638","1":"product","2":"type-product","3":"status-publish","4":"has-post-thumbnail","6":"product_cat-multi-station-machines-ms1-2-3-x-series","7":"product_cat-strength-training-equipment","9":"first","10":"instock","11":"shipping-taxable","12":"product-type-simple"},"_links":{"self":[{"href":"https:\/\/corexofitness.com\/es\/wp-json\/wp\/v2\/product\/638","targetHints":{"allow":["GET"]}}],"collection":[{"href":"https:\/\/corexofitness.com\/es\/wp-json\/wp\/v2\/product"}],"about":[{"href":"https:\/\/corexofitness.com\/es\/wp-json\/wp\/v2\/types\/product"}],"wp:featuredmedia":[{"embeddable":true,"href":"https:\/\/corexofitness.com\/es\/wp-json\/wp\/v2\/media\/640"}],"wp:attachment":[{"href":"https:\/\/corexofitness.com\/es\/wp-json\/wp\/v2\/media?parent=638"}],"wp:term":[{"taxonomy":"product_brand","embeddable":true,"href":"https:\/\/corexofitness.com\/es\/wp-json\/wp\/v2\/product_brand?post=638"},{"taxonomy":"product_cat","embeddable":true,"href":"https:\/\/corexofitness.com\/es\/wp-json\/wp\/v2\/product_cat?post=638"},{"taxonomy":"product_tag","embeddable":true,"href":"https:\/\/corexofitness.com\/es\/wp-json\/wp\/v2\/product_tag?post=638"}],"curies":[{"name":"wp","href":"https:\/\/api.w.org\/{rel}","templated":true}]}}