{"id":636,"date":"2026-01-30T08:21:41","date_gmt":"2026-01-30T08:21:41","guid":{"rendered":"https:\/\/corexofitness.com\/?post_type=product&#038;p=636"},"modified":"2026-03-12T08:14:47","modified_gmt":"2026-03-12T08:14:47","slug":"4-station-multi-gym-ms1001","status":"publish","type":"product","link":"https:\/\/corexofitness.com\/es\/product\/4-station-multi-gym-ms1001\/","title":{"rendered":"4 Estaciones Multi Gimnasio \u2013 MS1001"},"content":{"rendered":"<h2>4 Estaciones Multi Gimnasio \u2013 MS1001<\/h2>\n<table style=\"border-collapse: collapse; font-family: Arial, sans-serif;\" border=\"1\" cellspacing=\"0\" cellpadding=\"8\">\n<thead>\n<tr style=\"background-color: #f2f2f2;\">\n<th>suelto<\/th>\n<th>presupuesto<\/th>\n<\/tr>\n<\/thead>\n<tbody>\n<tr>\n<td>Tipo de equipo<\/td>\n<td>Gimnasio multiestaci\u00f3n de 4 estaciones<\/td>\n<\/tr>\n<tr>\n<td>Pila de peso de fila baja<\/td>\n<td>100 kg<\/td>\n<\/tr>\n<tr>\n<td>Pila de peso desplegable<\/td>\n<td>100 kg<\/td>\n<\/tr>\n<tr>\n<td>Pila de peso de polea ajustable<\/td>\n<td>80 kg<\/td>\n<\/tr>\n<tr>\n<td>Pila de peso de la estaci\u00f3n de tr\u00edceps<\/td>\n<td>80 kg<\/td>\n<\/tr>\n<tr>\n<td>Peso de la m\u00e1quina<\/td>\n<td>648 kg<\/td>\n<\/tr>\n<tr>\n<td>Dimensiones (L \u00d7 Ancho \u00d7 Alto)<\/td>\n<td>3452 \u00d7 1498 \u00d7 2263 mm<\/td>\n<\/tr>\n<\/tbody>\n<\/table>","protected":false},"excerpt":{"rendered":"<p>4 Station Multi Gym &#8211; MS1001 Item Specification Equipment Type 4-Station Multi-Gym Low Row Weight Stack 100 kg Lat Pulldown Weight Stack 100 kg Adjustable Pulley Weight Stack 80 kg Triceps Station Weight Stack 80 kg Machine Weight 648 kg Dimensions (L \u00d7 W \u00d7 H) 3452 \u00d7 1498 \u00d7 2263 mm<\/p>","protected":false},"featured_media":637,"template":"","meta":[],"product_brand":[],"product_cat":[29,25],"product_tag":[],"class_list":{"0":"post-636","1":"product","2":"type-product","3":"status-publish","4":"has-post-thumbnail","6":"product_cat-multi-station-machines-ms1-2-3-x-series","7":"product_cat-strength-training-equipment","9":"first","10":"instock","11":"shipping-taxable","12":"product-type-simple"},"_links":{"self":[{"href":"https:\/\/corexofitness.com\/es\/wp-json\/wp\/v2\/product\/636","targetHints":{"allow":["GET"]}}],"collection":[{"href":"https:\/\/corexofitness.com\/es\/wp-json\/wp\/v2\/product"}],"about":[{"href":"https:\/\/corexofitness.com\/es\/wp-json\/wp\/v2\/types\/product"}],"wp:featuredmedia":[{"embeddable":true,"href":"https:\/\/corexofitness.com\/es\/wp-json\/wp\/v2\/media\/637"}],"wp:attachment":[{"href":"https:\/\/corexofitness.com\/es\/wp-json\/wp\/v2\/media?parent=636"}],"wp:term":[{"taxonomy":"product_brand","embeddable":true,"href":"https:\/\/corexofitness.com\/es\/wp-json\/wp\/v2\/product_brand?post=636"},{"taxonomy":"product_cat","embeddable":true,"href":"https:\/\/corexofitness.com\/es\/wp-json\/wp\/v2\/product_cat?post=636"},{"taxonomy":"product_tag","embeddable":true,"href":"https:\/\/corexofitness.com\/es\/wp-json\/wp\/v2\/product_tag?post=636"}],"curies":[{"name":"wp","href":"https:\/\/api.w.org\/{rel}","templated":true}]}}