{"id":629,"date":"2026-01-30T08:00:46","date_gmt":"2026-01-30T08:00:46","guid":{"rendered":"https:\/\/corexofitness.com\/?post_type=product&#038;p=629"},"modified":"2026-03-14T06:10:04","modified_gmt":"2026-03-14T06:10:04","slug":"incline-chest-press-machine-moy1","status":"publish","type":"product","link":"https:\/\/corexofitness.com\/es\/product\/incline-chest-press-machine-moy1\/","title":{"rendered":"M\u00e1quina de prensa de pecho inclinado \u2013 MOY1"},"content":{"rendered":"<h2>M\u00e1quina de prensa de pecho inclinado \u2013 MOY1<\/h2>\n<table style=\"border-collapse: collapse; font-family: Arial, sans-serif;\" border=\"1\" cellspacing=\"0\" cellpadding=\"8\">\n<thead>\n<tr style=\"background-color: #f2f2f2;\">\n<th>suelto<\/th>\n<th>presupuesto<\/th>\n<\/tr>\n<\/thead>\n<tbody>\n<tr>\n<td>valerse<\/td>\n<td>Iso-Lateral Super Incline Press<\/td>\n<\/tr>\n<tr>\n<td>Peso de la m\u00e1quina<\/td>\n<td>158 kg<\/td>\n<\/tr>\n<tr>\n<td>Dimensiones (L \u00d7 Ancho \u00d7 Alto)<\/td>\n<td>1370 \u00d7 1990 \u00d7 1490 mm<\/td>\n<\/tr>\n<\/tbody>\n<\/table>","protected":false},"excerpt":{"rendered":"<p>Incline Chest Press Machine &#8211; MOY1 Item Specification Exercise Iso-Lateral Super Incline Press Machine Weight 158 kg Dimensions (L \u00d7 W \u00d7 H) 1370 \u00d7 1990 \u00d7 1490 mm<\/p>","protected":false},"featured_media":630,"template":"","meta":[],"product_brand":[],"product_cat":[28,25],"product_tag":[],"class_list":{"0":"post-629","1":"product","2":"type-product","3":"status-publish","4":"has-post-thumbnail","6":"product_cat-plate-loaded-strength-hanging-plate-strength-equipment-moy-series","7":"product_cat-strength-training-equipment","9":"first","10":"instock","11":"shipping-taxable","12":"product-type-simple"},"_links":{"self":[{"href":"https:\/\/corexofitness.com\/es\/wp-json\/wp\/v2\/product\/629","targetHints":{"allow":["GET"]}}],"collection":[{"href":"https:\/\/corexofitness.com\/es\/wp-json\/wp\/v2\/product"}],"about":[{"href":"https:\/\/corexofitness.com\/es\/wp-json\/wp\/v2\/types\/product"}],"wp:featuredmedia":[{"embeddable":true,"href":"https:\/\/corexofitness.com\/es\/wp-json\/wp\/v2\/media\/630"}],"wp:attachment":[{"href":"https:\/\/corexofitness.com\/es\/wp-json\/wp\/v2\/media?parent=629"}],"wp:term":[{"taxonomy":"product_brand","embeddable":true,"href":"https:\/\/corexofitness.com\/es\/wp-json\/wp\/v2\/product_brand?post=629"},{"taxonomy":"product_cat","embeddable":true,"href":"https:\/\/corexofitness.com\/es\/wp-json\/wp\/v2\/product_cat?post=629"},{"taxonomy":"product_tag","embeddable":true,"href":"https:\/\/corexofitness.com\/es\/wp-json\/wp\/v2\/product_tag?post=629"}],"curies":[{"name":"wp","href":"https:\/\/api.w.org\/{rel}","templated":true}]}}