{"id":624,"date":"2026-01-30T07:45:58","date_gmt":"2026-01-30T07:45:58","guid":{"rendered":"https:\/\/corexofitness.com\/?post_type=product&#038;p=624"},"modified":"2026-03-14T06:17:09","modified_gmt":"2026-03-14T06:17:09","slug":"butterfly-machine-m302","status":"publish","type":"product","link":"https:\/\/corexofitness.com\/es\/product\/butterfly-machine-m302\/","title":{"rendered":"M\u00e1quina de mariposas \u2013 M302"},"content":{"rendered":"<h2>M\u00e1quina de mariposas \u2013 M302<\/h2>\n<table style=\"border-collapse: collapse; font-family: Arial, sans-serif;\" border=\"1\" cellspacing=\"0\" cellpadding=\"8\">\n<thead>\n<tr style=\"background-color: #f2f2f2;\">\n<th>suelto<\/th>\n<th>presupuesto<\/th>\n<\/tr>\n<\/thead>\n<tbody>\n<tr>\n<td>valerse<\/td>\n<td>m\u00e1quina de mariposa<\/td>\n<\/tr>\n<tr>\n<td>modelo<\/td>\n<td>TZ-N8047<\/td>\n<\/tr>\n<tr>\n<td>Pila de peso<\/td>\n<td>100 kg<\/td>\n<\/tr>\n<tr>\n<td>Peso de la m\u00e1quina<\/td>\n<td>236 kg<\/td>\n<\/tr>\n<tr>\n<td>Dimensiones (L \u00d7 Ancho \u00d7 Alto)<\/td>\n<td>1500 \u00d7 1290 \u00d7 2025 mm<\/td>\n<\/tr>\n<tr>\n<td>ruborizarse<\/td>\n<td>personalizable<\/td>\n<\/tr>\n<\/tbody>\n<\/table>","protected":false},"excerpt":{"rendered":"<p>Butterfly Machine &#8211; M302 Item Specification Exercise Butterfly Machine Model TZ-N8047 Weight Stack 100 kg Machine Weight 236 kg Dimensions (L \u00d7 W \u00d7 H) 1500 \u00d7 1290 \u00d7 2025 mm Color Customizable<\/p>","protected":false},"featured_media":625,"template":"","meta":[],"product_brand":[],"product_cat":[27,25],"product_tag":[],"class_list":{"0":"post-624","1":"product","2":"type-product","3":"status-publish","4":"has-post-thumbnail","6":"product_cat-selected-strength-counterweight-m3-series","7":"product_cat-strength-training-equipment","9":"first","10":"instock","11":"shipping-taxable","12":"product-type-simple"},"_links":{"self":[{"href":"https:\/\/corexofitness.com\/es\/wp-json\/wp\/v2\/product\/624","targetHints":{"allow":["GET"]}}],"collection":[{"href":"https:\/\/corexofitness.com\/es\/wp-json\/wp\/v2\/product"}],"about":[{"href":"https:\/\/corexofitness.com\/es\/wp-json\/wp\/v2\/types\/product"}],"wp:featuredmedia":[{"embeddable":true,"href":"https:\/\/corexofitness.com\/es\/wp-json\/wp\/v2\/media\/625"}],"wp:attachment":[{"href":"https:\/\/corexofitness.com\/es\/wp-json\/wp\/v2\/media?parent=624"}],"wp:term":[{"taxonomy":"product_brand","embeddable":true,"href":"https:\/\/corexofitness.com\/es\/wp-json\/wp\/v2\/product_brand?post=624"},{"taxonomy":"product_cat","embeddable":true,"href":"https:\/\/corexofitness.com\/es\/wp-json\/wp\/v2\/product_cat?post=624"},{"taxonomy":"product_tag","embeddable":true,"href":"https:\/\/corexofitness.com\/es\/wp-json\/wp\/v2\/product_tag?post=624"}],"curies":[{"name":"wp","href":"https:\/\/api.w.org\/{rel}","templated":true}]}}