{"id":622,"date":"2026-01-30T07:41:30","date_gmt":"2026-01-30T07:41:30","guid":{"rendered":"https:\/\/corexofitness.com\/?post_type=product&#038;p=622"},"modified":"2026-03-14T06:19:45","modified_gmt":"2026-03-14T06:19:45","slug":"seated-chest-press-machine-m301","status":"publish","type":"product","link":"https:\/\/corexofitness.com\/es\/product\/seated-chest-press-machine-m301\/","title":{"rendered":"M\u00e1quina de prensa de pecho sentado \u2013 M301"},"content":{"rendered":"<h2>M\u00e1quina de prensa de pecho sentado \u2013 M301<\/h2>\n<table style=\"border-collapse: collapse; font-family: Arial, sans-serif;\" border=\"1\" cellspacing=\"0\" cellpadding=\"8\">\n<thead>\n<tr style=\"background-color: #f2f2f2;\">\n<th>suelto<\/th>\n<th>presupuesto<\/th>\n<\/tr>\n<\/thead>\n<tbody>\n<tr>\n<td>valerse<\/td>\n<td>Seated Chest Press<\/td>\n<\/tr>\n<tr>\n<td>modelo<\/td>\n<td>TZ-N8005<\/td>\n<\/tr>\n<tr>\n<td>Pila de peso<\/td>\n<td>100 kg<\/td>\n<\/tr>\n<tr>\n<td>Peso de la m\u00e1quina<\/td>\n<td>260 kg<\/td>\n<\/tr>\n<tr>\n<td>Dimensiones (L \u00d7 Ancho \u00d7 Alto)<\/td>\n<td>1450 \u00d7 1100 \u00d7 1590 mm<\/td>\n<\/tr>\n<tr>\n<td>ruborizarse<\/td>\n<td>personalizable<\/td>\n<\/tr>\n<\/tbody>\n<\/table>","protected":false},"excerpt":{"rendered":"<p>Seated Chest Press Machine &#8211; M301 Item Specification Exercise Seated Chest Press Model TZ-N8005 Weight Stack 100 kg Machine Weight 260 kg Dimensions (L \u00d7 W \u00d7 H) 1450 \u00d7 1100 \u00d7 1590 mm Color Customizable<\/p>","protected":false},"featured_media":623,"template":"","meta":[],"product_brand":[],"product_cat":[27,25],"product_tag":[],"class_list":{"0":"post-622","1":"product","2":"type-product","3":"status-publish","4":"has-post-thumbnail","6":"product_cat-selected-strength-counterweight-m3-series","7":"product_cat-strength-training-equipment","9":"first","10":"instock","11":"shipping-taxable","12":"product-type-simple"},"_links":{"self":[{"href":"https:\/\/corexofitness.com\/es\/wp-json\/wp\/v2\/product\/622","targetHints":{"allow":["GET"]}}],"collection":[{"href":"https:\/\/corexofitness.com\/es\/wp-json\/wp\/v2\/product"}],"about":[{"href":"https:\/\/corexofitness.com\/es\/wp-json\/wp\/v2\/types\/product"}],"wp:featuredmedia":[{"embeddable":true,"href":"https:\/\/corexofitness.com\/es\/wp-json\/wp\/v2\/media\/623"}],"wp:attachment":[{"href":"https:\/\/corexofitness.com\/es\/wp-json\/wp\/v2\/media?parent=622"}],"wp:term":[{"taxonomy":"product_brand","embeddable":true,"href":"https:\/\/corexofitness.com\/es\/wp-json\/wp\/v2\/product_brand?post=622"},{"taxonomy":"product_cat","embeddable":true,"href":"https:\/\/corexofitness.com\/es\/wp-json\/wp\/v2\/product_cat?post=622"},{"taxonomy":"product_tag","embeddable":true,"href":"https:\/\/corexofitness.com\/es\/wp-json\/wp\/v2\/product_tag?post=622"}],"curies":[{"name":"wp","href":"https:\/\/api.w.org\/{rel}","templated":true}]}}