{"id":619,"date":"2026-01-30T07:37:55","date_gmt":"2026-01-30T07:37:55","guid":{"rendered":"https:\/\/corexofitness.com\/?post_type=product&#038;p=619"},"modified":"2026-03-14T06:23:19","modified_gmt":"2026-03-14T06:23:19","slug":"lat-pulldown-low-row-machine-u317","status":"publish","type":"product","link":"https:\/\/corexofitness.com\/es\/product\/lat-pulldown-low-row-machine-u317\/","title":{"rendered":"M\u00e1quina de fila baja de tracci\u00f3n de lat-U317"},"content":{"rendered":"<h2>M\u00e1quina de fila baja de tracci\u00f3n de lat-U317<\/h2>\n<table style=\"border-collapse: collapse; font-family: Arial, sans-serif;\" border=\"1\" cellspacing=\"0\" cellpadding=\"8\">\n<thead>\n<tr style=\"background-color: #f2f2f2;\">\n<th>suelto<\/th>\n<th>presupuesto<\/th>\n<\/tr>\n<\/thead>\n<tbody>\n<tr>\n<td>valerse<\/td>\n<td>Lat Pulldown y fila baja<\/td>\n<\/tr>\n<tr>\n<td>Pila de peso<\/td>\n<td>100 kg<\/td>\n<\/tr>\n<tr>\n<td>Peso de la m\u00e1quina<\/td>\n<td>210 kg<\/td>\n<\/tr>\n<tr>\n<td>Dimensiones (L \u00d7 Ancho \u00d7 Alto)<\/td>\n<td>1980 \u00d7 1015 \u00d7 2160 mm<\/td>\n<\/tr>\n<\/tbody>\n<\/table>","protected":false},"excerpt":{"rendered":"<p>Lat Pulldown Low Row Machine &#8211; U317 Item Specification Exercise Lat Pulldown &amp; Low Row Weight Stack 100 kg Machine Weight 210 kg Dimensions (L \u00d7 W \u00d7 H) 1980 \u00d7 1015 \u00d7 2160 mm<\/p>","protected":false},"featured_media":620,"template":"","meta":[],"product_brand":[],"product_cat":[26,25],"product_tag":[],"class_list":{"0":"post-619","1":"product","2":"type-product","3":"status-publish","4":"has-post-thumbnail","6":"product_cat-selected-strength-counterweight-u3-series","7":"product_cat-strength-training-equipment","9":"first","10":"instock","11":"shipping-taxable","12":"product-type-simple"},"_links":{"self":[{"href":"https:\/\/corexofitness.com\/es\/wp-json\/wp\/v2\/product\/619","targetHints":{"allow":["GET"]}}],"collection":[{"href":"https:\/\/corexofitness.com\/es\/wp-json\/wp\/v2\/product"}],"about":[{"href":"https:\/\/corexofitness.com\/es\/wp-json\/wp\/v2\/types\/product"}],"wp:featuredmedia":[{"embeddable":true,"href":"https:\/\/corexofitness.com\/es\/wp-json\/wp\/v2\/media\/620"}],"wp:attachment":[{"href":"https:\/\/corexofitness.com\/es\/wp-json\/wp\/v2\/media?parent=619"}],"wp:term":[{"taxonomy":"product_brand","embeddable":true,"href":"https:\/\/corexofitness.com\/es\/wp-json\/wp\/v2\/product_brand?post=619"},{"taxonomy":"product_cat","embeddable":true,"href":"https:\/\/corexofitness.com\/es\/wp-json\/wp\/v2\/product_cat?post=619"},{"taxonomy":"product_tag","embeddable":true,"href":"https:\/\/corexofitness.com\/es\/wp-json\/wp\/v2\/product_tag?post=619"}],"curies":[{"name":"wp","href":"https:\/\/api.w.org\/{rel}","templated":true}]}}