{"id":614,"date":"2026-01-30T07:29:27","date_gmt":"2026-01-30T07:29:27","guid":{"rendered":"https:\/\/corexofitness.com\/?post_type=product&#038;p=614"},"modified":"2026-03-14T06:27:55","modified_gmt":"2026-03-14T06:27:55","slug":"vertical-chest-press-machine-u301","status":"publish","type":"product","link":"https:\/\/corexofitness.com\/es\/product\/vertical-chest-press-machine-u301\/","title":{"rendered":"M\u00e1quina de prensa de pecho vertical \u2013 U301"},"content":{"rendered":"<h2>M\u00e1quina de prensa de pecho vertical \u2013 U301<\/h2>\n<table style=\"border-collapse: collapse; font-family: Arial, sans-serif;\" border=\"1\" cellspacing=\"0\" cellpadding=\"8\">\n<thead>\n<tr style=\"background-color: #f2f2f2;\">\n<th>suelto<\/th>\n<th>presupuesto<\/th>\n<\/tr>\n<\/thead>\n<tbody>\n<tr>\n<td>valerse<\/td>\n<td>Seated Chest Press<\/td>\n<\/tr>\n<tr>\n<td>Pila de peso<\/td>\n<td>80 kg<\/td>\n<\/tr>\n<tr>\n<td>Peso de la m\u00e1quina<\/td>\n<td>189 kg<\/td>\n<\/tr>\n<tr>\n<td>Dimensiones (L \u00d7 Ancho \u00d7 Alto)<\/td>\n<td>1540 \u00d7 1000 \u00d7 1560 mm<\/td>\n<\/tr>\n<\/tbody>\n<\/table>","protected":false},"excerpt":{"rendered":"<p>Vertical Chest Press Machine &#8211; U301 Item Specification Exercise Seated Chest Press Weight Stack 80 kg Machine Weight 189 kg Dimensions (L \u00d7 W \u00d7 H) 1540 \u00d7 1000 \u00d7 1560 mm<\/p>","protected":false},"featured_media":615,"template":"","meta":[],"product_brand":[],"product_cat":[26,25],"product_tag":[],"class_list":{"0":"post-614","1":"product","2":"type-product","3":"status-publish","4":"has-post-thumbnail","6":"product_cat-selected-strength-counterweight-u3-series","7":"product_cat-strength-training-equipment","9":"first","10":"instock","11":"shipping-taxable","12":"product-type-simple"},"_links":{"self":[{"href":"https:\/\/corexofitness.com\/es\/wp-json\/wp\/v2\/product\/614","targetHints":{"allow":["GET"]}}],"collection":[{"href":"https:\/\/corexofitness.com\/es\/wp-json\/wp\/v2\/product"}],"about":[{"href":"https:\/\/corexofitness.com\/es\/wp-json\/wp\/v2\/types\/product"}],"wp:featuredmedia":[{"embeddable":true,"href":"https:\/\/corexofitness.com\/es\/wp-json\/wp\/v2\/media\/615"}],"wp:attachment":[{"href":"https:\/\/corexofitness.com\/es\/wp-json\/wp\/v2\/media?parent=614"}],"wp:term":[{"taxonomy":"product_brand","embeddable":true,"href":"https:\/\/corexofitness.com\/es\/wp-json\/wp\/v2\/product_brand?post=614"},{"taxonomy":"product_cat","embeddable":true,"href":"https:\/\/corexofitness.com\/es\/wp-json\/wp\/v2\/product_cat?post=614"},{"taxonomy":"product_tag","embeddable":true,"href":"https:\/\/corexofitness.com\/es\/wp-json\/wp\/v2\/product_tag?post=614"}],"curies":[{"name":"wp","href":"https:\/\/api.w.org\/{rel}","templated":true}]}}