{"id":212,"date":"2026-01-29T03:00:43","date_gmt":"2026-01-29T03:00:43","guid":{"rendered":"https:\/\/corexofitness.com\/?page_id=212"},"modified":"2026-02-24T07:07:25","modified_gmt":"2026-02-24T07:07:25","slug":"refund-policy","status":"publish","type":"page","link":"https:\/\/corexofitness.com\/es\/refund-policy\/","title":{"rendered":"Pol\u00edtica de reembolso"},"content":{"rendered":"<style>.elementor-212 .elementor-element.elementor-element-adddd6d > .elementor-container{max-width:720px;}.elementor-212 .elementor-element.elementor-element-adddd6d:not(.elementor-motion-effects-element-type-background), .elementor-212 .elementor-element.elementor-element-adddd6d > .elementor-motion-effects-container > .elementor-motion-effects-layer{background-image:url(\"https:\/\/corexofitness.com\/wp-content\/uploads\/2026\/01\/sporty-man-jogging.jpg\");background-position:center center;background-repeat:no-repeat;background-size:cover;}.elementor-212 .elementor-element.elementor-element-adddd6d > .elementor-background-overlay{background-color:var( --e-global-color-secondary );opacity:0.5;transition:background 0.3s, border-radius 0.3s, opacity 0.3s;}.elementor-212 .elementor-element.elementor-element-adddd6d{transition:background 0.3s, border 0.3s, border-radius 0.3s, box-shadow 0.3s;margin-top:-75px;margin-bottom:0px;padding:7em 0em 10em 0em;}.elementor-212 .elementor-element.elementor-element-fd70d25 > .elementor-element-populated{margin:0% 0% 0% 0%;--e-column-margin-right:0%;--e-column-margin-left:0%;padding:2em 2em 2em 2em;}.elementor-212 .elementor-element.elementor-element-eb9be77{text-align:center;margin:0px 0px calc(var(--kit-widget-spacing, 0px) + 0px) 0px;padding:0px 0px 0px 0px;}.elementor-212 .elementor-element.elementor-element-eb9be77 .elementor-heading-title{font-family:var( --e-global-typography-5d167aa-font-family ), Sans-serif;font-size:var( --e-global-typography-5d167aa-font-size );font-weight:var( --e-global-typography-5d167aa-font-weight );text-transform:var( --e-global-typography-5d167aa-text-transform );text-decoration:var( --e-global-typography-5d167aa-text-decoration );line-height:var( --e-global-typography-5d167aa-line-height );letter-spacing:var( --e-global-typography-5d167aa-letter-spacing );word-spacing:var( --e-global-typography-5d167aa-word-spacing );color:var( --e-global-color-text );}.elementor-212 .elementor-element.elementor-element-134da60 .elementor-icon-list-icon i{color:var( --e-global-color-text );transition:color 0.3s;}.elementor-212 .elementor-element.elementor-element-134da60 .elementor-icon-list-icon svg{fill:var( --e-global-color-text );transition:fill 0.3s;}.elementor-212 .elementor-element.elementor-element-134da60 .elementor-icon-list-item:hover .elementor-icon-list-icon i{color:var( --e-global-color-b624a69 );}.elementor-212 .elementor-element.elementor-element-134da60 .elementor-icon-list-item:hover .elementor-icon-list-icon svg{fill:var( --e-global-color-b624a69 );}.elementor-212 .elementor-element.elementor-element-134da60{--e-icon-list-icon-size:14px;--icon-vertical-offset:0px;}.elementor-212 .elementor-element.elementor-element-134da60 .elementor-icon-list-item > .elementor-icon-list-text, .elementor-212 .elementor-element.elementor-element-134da60 .elementor-icon-list-item > a{font-family:var( --e-global-typography-text-font-family ), Sans-serif;font-size:var( --e-global-typography-text-font-size );text-decoration:var( --e-global-typography-text-text-decoration );line-height:var( --e-global-typography-text-line-height );}.elementor-212 .elementor-element.elementor-element-134da60 .elementor-icon-list-text{color:var( --e-global-color-text );transition:color 0.3s;}.elementor-212 .elementor-element.elementor-element-134da60 .elementor-icon-list-item:hover .elementor-icon-list-text{color:var( --e-global-color-b624a69 );}.elementor-212 .elementor-element.elementor-element-15cedfc{padding:5em 0em 5em 0em;}.elementor-212 .elementor-element.elementor-element-cb65f80{font-family:var( --e-global-typography-text-font-family ), Sans-serif;font-size:var( --e-global-typography-text-font-size );text-decoration:var( --e-global-typography-text-text-decoration );line-height:var( --e-global-typography-text-line-height );color:var( --e-global-color-secondary );}.elementor-212 .elementor-element.elementor-element-cb65f80 a{color:var( --e-global-color-secondary );}:root{--page-title-display:none;}@media(max-width:1024px){.elementor-212 .elementor-element.elementor-element-adddd6d > .elementor-container{max-width:600px;}.elementor-212 .elementor-element.elementor-element-adddd6d{padding:3em 0em 5em 0em;}.elementor-212 .elementor-element.elementor-element-eb9be77 .elementor-heading-title{font-size:var( --e-global-typography-5d167aa-font-size );line-height:var( --e-global-typography-5d167aa-line-height );letter-spacing:var( --e-global-typography-5d167aa-letter-spacing );word-spacing:var( --e-global-typography-5d167aa-word-spacing );}.elementor-212 .elementor-element.elementor-element-134da60 .elementor-icon-list-item > .elementor-icon-list-text, .elementor-212 .elementor-element.elementor-element-134da60 .elementor-icon-list-item > a{font-size:var( --e-global-typography-text-font-size );line-height:var( --e-global-typography-text-line-height );}.elementor-212 .elementor-element.elementor-element-15cedfc{padding:3em 0em 3em 0em;}.elementor-212 .elementor-element.elementor-element-cb65f80{font-size:var( --e-global-typography-text-font-size );line-height:var( --e-global-typography-text-line-height );}}@media(max-width:767px){.elementor-212 .elementor-element.elementor-element-adddd6d{padding:5em 0em 5em 0em;}.elementor-212 .elementor-element.elementor-element-fd70d25 > .elementor-widget-wrap > .elementor-widget:not(.elementor-widget__width-auto):not(.elementor-widget__width-initial):not(:last-child):not(.elementor-absolute){--kit-widget-spacing:14px;}.elementor-212 .elementor-element.elementor-element-fd70d25 > .elementor-element-populated{padding:21px 21px 21px 21px;}.elementor-212 .elementor-element.elementor-element-eb9be77 .elementor-heading-title{font-size:var( --e-global-typography-5d167aa-font-size );line-height:var( --e-global-typography-5d167aa-line-height );letter-spacing:var( --e-global-typography-5d167aa-letter-spacing );word-spacing:var( --e-global-typography-5d167aa-word-spacing );}.elementor-212 .elementor-element.elementor-element-134da60 .elementor-icon-list-item > .elementor-icon-list-text, .elementor-212 .elementor-element.elementor-element-134da60 .elementor-icon-list-item > a{font-size:var( --e-global-typography-text-font-size );line-height:var( --e-global-typography-text-line-height );}.elementor-212 .elementor-element.elementor-element-15cedfc{padding:3em 0em 3em 0em;}.elementor-212 .elementor-element.elementor-element-cb65f80{text-align:center;font-size:var( --e-global-typography-text-font-size );line-height:var( --e-global-typography-text-line-height );}}<\/style>\t\t<div data-elementor-type=\"wp-page\" data-elementor-id=\"212\" class=\"elementor elementor-212\" data-elementor-post-type=\"page\">\n\t\t\t\t\t\t<section class=\"elementor-section elementor-top-section elementor-element elementor-element-adddd6d elementor-section-boxed elementor-section-height-default elementor-section-height-default\" data-id=\"adddd6d\" data-element_type=\"section\" data-e-type=\"section\" data-settings=\"{&quot;background_background&quot;:&quot;classic&quot;}\">\n\t\t\t\t\t\t\t<div class=\"elementor-background-overlay\"><\/div>\n\t\t\t\t\t\t\t<div class=\"elementor-container elementor-column-gap-default\">\n\t\t\t\t\t<div class=\"elementor-column elementor-col-100 elementor-top-column elementor-element elementor-element-fd70d25\" data-id=\"fd70d25\" data-element_type=\"column\" data-e-type=\"column\">\n\t\t\t<div class=\"elementor-widget-wrap elementor-element-populated\">\n\t\t\t\t\t\t<div class=\"elementor-element elementor-element-eb9be77 elementor-widget elementor-widget-heading\" data-id=\"eb9be77\" data-element_type=\"widget\" data-e-type=\"widget\" data-widget_type=\"heading.default\">\n\t\t\t\t\t<h1 class=\"elementor-heading-title elementor-size-default\">Pol\u00edtica de reembolso<\/h1>\t\t\t\t<\/div>\n\t\t\t\t<div class=\"elementor-element elementor-element-134da60 elementor-icon-list--layout-inline elementor-align-center elementor-list-item-link-full_width elementor-widget elementor-widget-icon-list\" data-id=\"134da60\" data-element_type=\"widget\" data-e-type=\"widget\" data-widget_type=\"icon-list.default\">\n\t\t\t\t\t\t\t<ul class=\"elementor-icon-list-items elementor-inline-items\">\n\t\t\t\t\t\t\t<li class=\"elementor-icon-list-item elementor-inline-item\">\n\t\t\t\t\t\t\t\t\t\t\t<a href=\"https:\/\/corexofitness.com\/es\/\">\n\n\t\t\t\t\t\t\t\t\t\t\t<span class=\"elementor-icon-list-text\">casa<\/span>\n\t\t\t\t\t\t\t\t\t\t\t<\/a>\n\t\t\t\t\t\t\t\t\t<\/li>\n\t\t\t\t\t\t\t\t<li class=\"elementor-icon-list-item elementor-inline-item\">\n\t\t\t\t\t\t\t\t\t\t\t<a href=\"https:\/\/corexofitness.com\/es\/refund-policy\/\">\n\n\t\t\t\t\t\t\t\t\t\t\t\t<span class=\"elementor-icon-list-icon\">\n\t\t\t\t\t\t\t<svg aria-hidden=\"true\" class=\"e-font-icon-svg e-fas-chevron-right\" viewbox=\"0 0 320 512\" xmlns=\"http:\/\/www.w3.org\/2000\/svg\"><path d=\"M285.476 272.971L91.132 467.314c-9.373 9.373-24.569 9.373-33.941 0l-22.667-22.667c-9.357-9.357-9.375-24.522-.04-33.901L188.505 256 34.484 101.255c-9.335-9.379-9.317-24.544.04-33.901l22.667-22.667c9.373-9.373 24.569-9.373 33.941 0L285.475 239.03c9.373 9.372 9.373 24.568.001 33.941z\"><\/path><\/svg>\t\t\t\t\t\t<\/span>\n\t\t\t\t\t\t\t\t\t\t<span class=\"elementor-icon-list-text\">Pol\u00edtica de reembolso<\/span>\n\t\t\t\t\t\t\t\t\t\t\t<\/a>\n\t\t\t\t\t\t\t\t\t<\/li>\n\t\t\t\t\t\t<\/ul>\n\t\t\t\t\t\t<\/div>\n\t\t\t\t\t<\/div>\n\t\t<\/div>\n\t\t\t\t\t<\/div>\n\t\t<\/section>\n\t\t\t\t<section class=\"elementor-section elementor-top-section elementor-element elementor-element-15cedfc elementor-section-boxed elementor-section-height-default elementor-section-height-default\" data-id=\"15cedfc\" data-element_type=\"section\" data-e-type=\"section\">\n\t\t\t\t\t\t<div class=\"elementor-container elementor-column-gap-default\">\n\t\t\t\t\t<div class=\"elementor-column elementor-col-100 elementor-top-column elementor-element elementor-element-dfd5bf1\" data-id=\"dfd5bf1\" data-element_type=\"column\" data-e-type=\"column\">\n\t\t\t<div class=\"elementor-widget-wrap elementor-element-populated\">\n\t\t\t\t\t\t<div class=\"elementor-element elementor-element-cb65f80 elementor-widget elementor-widget-text-editor\" data-id=\"cb65f80\" data-element_type=\"widget\" data-e-type=\"widget\" data-widget_type=\"text-editor.default\">\n\t\t\t\t\t\t\t\t\t<div>Taian Jinya Import &amp; Export Co., Ltd. se compromete a proporcionar productos de alta calidad y un servicio al cliente excepcional. Entendemos que puede haber casos en los que un producto no cumpla con sus expectativas. En tales casos, hemos establecido esta pol\u00edtica de reembolso, que le permite devolver productos dentro de un per\u00edodo espec\u00edfico a partir de la fecha de compra.<\/div><div>\u00a0<\/div><div>Tenga en cuenta que no podemos prometer ni garantizar la efectividad de cualquier producto ofrecido. Si bien nos esforzamos por ofrecer productos de alta calidad, el \u00e9xito de cualquier producto depende de varios factores que no sean de nuestro control. Por lo tanto, <strong>No podemos ofrecer reembolsos en funci\u00f3n del rendimiento del producto<\/strong>.<\/div><div>\u00a0<\/div><div>Nuestra pol\u00edtica de reembolso se describe de la siguiente manera:<\/div><div>\u00a0<\/div><ol><li><strong>Devoluci\u00f3n de elegibilidad<\/strong>: Puede ser elegible para devolver un producto si no est\u00e1 satisfecho con \u00e9l.<\/li><li><strong>Iniciando una devoluci\u00f3n<\/strong>: Para iniciar una devoluci\u00f3n, cont\u00e1ctenos en <strong><a href=\"mailto:sales@corexo.fit\">sales@corexo.fit<\/a><\/strong>.<\/li><li><strong>Condiciones de devoluci\u00f3n<\/strong>: Para calificar para una devoluci\u00f3n, el producto debe estar en su <strong>Embalaje original<\/strong> y en una nueva condici\u00f3n.<\/li><li><strong>Tarifas de env\u00edo y manipulaci\u00f3n<\/strong>: Las tarifas de env\u00edo y manipulaci\u00f3n no son reembolsables.<\/li><li><strong>Inspecci\u00f3n de devolu<\/strong>: Al recibir el producto, lo inspeccionaremos para determinar su elegibilidad para devoluci\u00f3n.<\/li><li><strong>derecho de rechazo<\/strong>: Tenga en cuenta que nos reservamos el derecho de rechazar cualquier devoluci\u00f3n si el producto no cumple con los est\u00e1ndares establecidos en nuestra pol\u00edtica de devoluci\u00f3n.<\/li><\/ol><div>\u00a0<\/div><div>Si tiene alguna pregunta o inquietud con respecto a nuestra pol\u00edtica de reembolso, no dude en contactarnos en <strong><a href=\"mailto:sales@corexo.fit\">sales@corexo.fit<\/a><\/strong>.<\/div>\t\t\t\t\t\t\t\t<\/div>\n\t\t\t\t\t<\/div>\n\t\t<\/div>\n\t\t\t\t\t<\/div>\n\t\t<\/section>\n\t\t\t\t<\/div>","protected":false},"excerpt":{"rendered":"<p>Refund Policy Home Refund Policy Taian Jinya Import &amp; Export Co., Ltd. is committed to providing high-quality products and exceptional customer service. We understand that there may be instances where a product fails to meet your expectations. In such cases, we have established this refund policy, which permits you to return products within a specified [&hellip;]<\/p>\n","protected":false},"author":1,"featured_media":0,"parent":0,"menu_order":0,"comment_status":"closed","ping_status":"closed","template":"","meta":{"footnotes":""},"class_list":["post-212","page","type-page","status-publish","hentry"],"_links":{"self":[{"href":"https:\/\/corexofitness.com\/es\/wp-json\/wp\/v2\/pages\/212","targetHints":{"allow":["GET"]}}],"collection":[{"href":"https:\/\/corexofitness.com\/es\/wp-json\/wp\/v2\/pages"}],"about":[{"href":"https:\/\/corexofitness.com\/es\/wp-json\/wp\/v2\/types\/page"}],"author":[{"embeddable":true,"href":"https:\/\/corexofitness.com\/es\/wp-json\/wp\/v2\/users\/1"}],"replies":[{"embeddable":true,"href":"https:\/\/corexofitness.com\/es\/wp-json\/wp\/v2\/comments?post=212"}],"version-history":[{"count":0,"href":"https:\/\/corexofitness.com\/es\/wp-json\/wp\/v2\/pages\/212\/revisions"}],"wp:attachment":[{"href":"https:\/\/corexofitness.com\/es\/wp-json\/wp\/v2\/media?parent=212"}],"curies":[{"name":"wp","href":"https:\/\/api.w.org\/{rel}","templated":true}]}}