{"id":192,"date":"2026-01-29T02:39:44","date_gmt":"2026-01-29T02:39:44","guid":{"rendered":"https:\/\/corexofitness.com\/?page_id=192"},"modified":"2026-02-24T07:03:50","modified_gmt":"2026-02-24T07:03:50","slug":"privacy-policy","status":"publish","type":"page","link":"https:\/\/corexofitness.com\/es\/privacy-policy\/","title":{"rendered":"Pol\u00edtica de privacidad"},"content":{"rendered":"<style>.elementor-192 .elementor-element.elementor-element-684bfdb9 > .elementor-container{max-width:720px;}.elementor-192 .elementor-element.elementor-element-684bfdb9:not(.elementor-motion-effects-element-type-background), .elementor-192 .elementor-element.elementor-element-684bfdb9 > .elementor-motion-effects-container > .elementor-motion-effects-layer{background-image:url(\"https:\/\/corexofitness.com\/wp-content\/uploads\/2026\/01\/sporty-man-jogging.jpg\");background-position:center center;background-repeat:no-repeat;background-size:cover;}.elementor-192 .elementor-element.elementor-element-684bfdb9 > .elementor-background-overlay{background-color:var( --e-global-color-secondary );opacity:0.5;transition:background 0.3s, border-radius 0.3s, opacity 0.3s;}.elementor-192 .elementor-element.elementor-element-684bfdb9{transition:background 0.3s, border 0.3s, border-radius 0.3s, box-shadow 0.3s;margin-top:-75px;margin-bottom:0px;padding:7em 0em 10em 0em;}.elementor-192 .elementor-element.elementor-element-16ba48b7 > .elementor-element-populated{margin:0% 0% 0% 0%;--e-column-margin-right:0%;--e-column-margin-left:0%;padding:2em 2em 2em 2em;}.elementor-192 .elementor-element.elementor-element-40fa6611{text-align:center;margin:0px 0px calc(var(--kit-widget-spacing, 0px) + 0px) 0px;padding:0px 0px 0px 0px;}.elementor-192 .elementor-element.elementor-element-40fa6611 .elementor-heading-title{font-family:var( --e-global-typography-5d167aa-font-family ), Sans-serif;font-size:var( --e-global-typography-5d167aa-font-size );font-weight:var( --e-global-typography-5d167aa-font-weight );text-transform:var( --e-global-typography-5d167aa-text-transform );text-decoration:var( --e-global-typography-5d167aa-text-decoration );line-height:var( --e-global-typography-5d167aa-line-height );letter-spacing:var( --e-global-typography-5d167aa-letter-spacing );word-spacing:var( --e-global-typography-5d167aa-word-spacing );color:var( --e-global-color-text );}.elementor-192 .elementor-element.elementor-element-20a79ae .elementor-icon-list-icon i{color:var( --e-global-color-text );transition:color 0.3s;}.elementor-192 .elementor-element.elementor-element-20a79ae .elementor-icon-list-icon svg{fill:var( --e-global-color-text );transition:fill 0.3s;}.elementor-192 .elementor-element.elementor-element-20a79ae .elementor-icon-list-item:hover .elementor-icon-list-icon i{color:var( --e-global-color-b624a69 );}.elementor-192 .elementor-element.elementor-element-20a79ae .elementor-icon-list-item:hover .elementor-icon-list-icon svg{fill:var( --e-global-color-b624a69 );}.elementor-192 .elementor-element.elementor-element-20a79ae{--e-icon-list-icon-size:14px;--icon-vertical-offset:0px;}.elementor-192 .elementor-element.elementor-element-20a79ae .elementor-icon-list-item > .elementor-icon-list-text, .elementor-192 .elementor-element.elementor-element-20a79ae .elementor-icon-list-item > a{font-family:var( --e-global-typography-text-font-family ), Sans-serif;font-size:var( --e-global-typography-text-font-size );text-decoration:var( --e-global-typography-text-text-decoration );line-height:var( --e-global-typography-text-line-height );}.elementor-192 .elementor-element.elementor-element-20a79ae .elementor-icon-list-text{color:var( --e-global-color-text );transition:color 0.3s;}.elementor-192 .elementor-element.elementor-element-20a79ae .elementor-icon-list-item:hover .elementor-icon-list-text{color:var( --e-global-color-b624a69 );}.elementor-192 .elementor-element.elementor-element-58578397{padding:5em 0em 5em 0em;}.elementor-192 .elementor-element.elementor-element-e511da5{font-family:var( --e-global-typography-text-font-family ), Sans-serif;font-size:var( --e-global-typography-text-font-size );text-decoration:var( --e-global-typography-text-text-decoration );line-height:var( --e-global-typography-text-line-height );color:var( --e-global-color-secondary );}.elementor-192 .elementor-element.elementor-element-e511da5 a{color:var( --e-global-color-secondary );}:root{--page-title-display:none;}@media(max-width:1024px){.elementor-192 .elementor-element.elementor-element-684bfdb9 > .elementor-container{max-width:600px;}.elementor-192 .elementor-element.elementor-element-684bfdb9{padding:3em 0em 5em 0em;}.elementor-192 .elementor-element.elementor-element-40fa6611 .elementor-heading-title{font-size:var( --e-global-typography-5d167aa-font-size );line-height:var( --e-global-typography-5d167aa-line-height );letter-spacing:var( --e-global-typography-5d167aa-letter-spacing );word-spacing:var( --e-global-typography-5d167aa-word-spacing );}.elementor-192 .elementor-element.elementor-element-20a79ae .elementor-icon-list-item > .elementor-icon-list-text, .elementor-192 .elementor-element.elementor-element-20a79ae .elementor-icon-list-item > a{font-size:var( --e-global-typography-text-font-size );line-height:var( --e-global-typography-text-line-height );}.elementor-192 .elementor-element.elementor-element-58578397{padding:3em 0em 3em 0em;}.elementor-192 .elementor-element.elementor-element-e511da5{font-size:var( --e-global-typography-text-font-size );line-height:var( --e-global-typography-text-line-height );}}@media(max-width:767px){.elementor-192 .elementor-element.elementor-element-684bfdb9{padding:5em 0em 5em 0em;}.elementor-192 .elementor-element.elementor-element-16ba48b7 > .elementor-widget-wrap > .elementor-widget:not(.elementor-widget__width-auto):not(.elementor-widget__width-initial):not(:last-child):not(.elementor-absolute){--kit-widget-spacing:14px;}.elementor-192 .elementor-element.elementor-element-16ba48b7 > .elementor-element-populated{padding:21px 21px 21px 21px;}.elementor-192 .elementor-element.elementor-element-40fa6611 .elementor-heading-title{font-size:var( --e-global-typography-5d167aa-font-size );line-height:var( --e-global-typography-5d167aa-line-height );letter-spacing:var( --e-global-typography-5d167aa-letter-spacing );word-spacing:var( --e-global-typography-5d167aa-word-spacing );}.elementor-192 .elementor-element.elementor-element-20a79ae .elementor-icon-list-item > .elementor-icon-list-text, .elementor-192 .elementor-element.elementor-element-20a79ae .elementor-icon-list-item > a{font-size:var( --e-global-typography-text-font-size );line-height:var( --e-global-typography-text-line-height );}.elementor-192 .elementor-element.elementor-element-58578397{padding:3em 0em 3em 0em;}.elementor-192 .elementor-element.elementor-element-e511da5{text-align:center;font-size:var( --e-global-typography-text-font-size );line-height:var( --e-global-typography-text-line-height );}}<\/style>\t\t<div data-elementor-type=\"wp-page\" data-elementor-id=\"192\" class=\"elementor elementor-192\" data-elementor-post-type=\"page\">\n\t\t\t\t\t\t<section class=\"elementor-section elementor-top-section elementor-element elementor-element-684bfdb9 elementor-section-boxed elementor-section-height-default elementor-section-height-default\" data-id=\"684bfdb9\" data-element_type=\"section\" data-e-type=\"section\" data-settings=\"{&quot;background_background&quot;:&quot;classic&quot;}\">\n\t\t\t\t\t\t\t<div class=\"elementor-background-overlay\"><\/div>\n\t\t\t\t\t\t\t<div class=\"elementor-container elementor-column-gap-default\">\n\t\t\t\t\t<div class=\"elementor-column elementor-col-100 elementor-top-column elementor-element elementor-element-16ba48b7\" data-id=\"16ba48b7\" data-element_type=\"column\" data-e-type=\"column\">\n\t\t\t<div class=\"elementor-widget-wrap elementor-element-populated\">\n\t\t\t\t\t\t<div class=\"elementor-element elementor-element-40fa6611 elementor-widget elementor-widget-heading\" data-id=\"40fa6611\" data-element_type=\"widget\" data-e-type=\"widget\" data-widget_type=\"heading.default\">\n\t\t\t\t\t<h1 class=\"elementor-heading-title elementor-size-default\">Pol\u00edtica de privacidad<\/h1>\t\t\t\t<\/div>\n\t\t\t\t<div class=\"elementor-element elementor-element-20a79ae elementor-icon-list--layout-inline elementor-align-center elementor-list-item-link-full_width elementor-widget elementor-widget-icon-list\" data-id=\"20a79ae\" data-element_type=\"widget\" data-e-type=\"widget\" data-widget_type=\"icon-list.default\">\n\t\t\t\t\t\t\t<ul class=\"elementor-icon-list-items elementor-inline-items\">\n\t\t\t\t\t\t\t<li class=\"elementor-icon-list-item elementor-inline-item\">\n\t\t\t\t\t\t\t\t\t\t\t<a href=\"https:\/\/corexofitness.com\/es\/\">\n\n\t\t\t\t\t\t\t\t\t\t\t<span class=\"elementor-icon-list-text\">casa<\/span>\n\t\t\t\t\t\t\t\t\t\t\t<\/a>\n\t\t\t\t\t\t\t\t\t<\/li>\n\t\t\t\t\t\t\t\t<li class=\"elementor-icon-list-item elementor-inline-item\">\n\t\t\t\t\t\t\t\t\t\t\t<a href=\"https:\/\/corexofitness.com\/es\/privacy-policy\/\">\n\n\t\t\t\t\t\t\t\t\t\t\t\t<span class=\"elementor-icon-list-icon\">\n\t\t\t\t\t\t\t<svg aria-hidden=\"true\" class=\"e-font-icon-svg e-fas-chevron-right\" viewbox=\"0 0 320 512\" xmlns=\"http:\/\/www.w3.org\/2000\/svg\"><path d=\"M285.476 272.971L91.132 467.314c-9.373 9.373-24.569 9.373-33.941 0l-22.667-22.667c-9.357-9.357-9.375-24.522-.04-33.901L188.505 256 34.484 101.255c-9.335-9.379-9.317-24.544.04-33.901l22.667-22.667c9.373-9.373 24.569-9.373 33.941 0L285.475 239.03c9.373 9.372 9.373 24.568.001 33.941z\"><\/path><\/svg>\t\t\t\t\t\t<\/span>\n\t\t\t\t\t\t\t\t\t\t<span class=\"elementor-icon-list-text\">Pol\u00edtica de privacidad<\/span>\n\t\t\t\t\t\t\t\t\t\t\t<\/a>\n\t\t\t\t\t\t\t\t\t<\/li>\n\t\t\t\t\t\t<\/ul>\n\t\t\t\t\t\t<\/div>\n\t\t\t\t\t<\/div>\n\t\t<\/div>\n\t\t\t\t\t<\/div>\n\t\t<\/section>\n\t\t\t\t<section class=\"elementor-section elementor-top-section elementor-element elementor-element-58578397 elementor-section-boxed elementor-section-height-default elementor-section-height-default\" data-id=\"58578397\" data-element_type=\"section\" data-e-type=\"section\">\n\t\t\t\t\t\t<div class=\"elementor-container elementor-column-gap-default\">\n\t\t\t\t\t<div class=\"elementor-column elementor-col-100 elementor-top-column elementor-element elementor-element-7019ffc7\" data-id=\"7019ffc7\" data-element_type=\"column\" data-e-type=\"column\">\n\t\t\t<div class=\"elementor-widget-wrap elementor-element-populated\">\n\t\t\t\t\t\t<div class=\"elementor-element elementor-element-e511da5 elementor-widget elementor-widget-text-editor\" data-id=\"e511da5\" data-element_type=\"widget\" data-e-type=\"widget\" data-widget_type=\"text-editor.default\">\n\t\t\t\t\t\t\t\t\t<div>Taian Jinya Import &amp; Export Co., Ltd. se compromete a proteger su privacidad y ganar su confianza. No vendemos, intercambiamos ni alquilamos su informaci\u00f3n personal a terceros. Esta pol\u00edtica describe las pr\u00e1cticas de privacidad que se cumplen con el sitio web de Taian Jinya Import &amp; Export Co., Ltd. Utilizamos la informaci\u00f3n recopilada sobre usted a trav\u00e9s de nuestro sitio web para procesar pedidos y mantener la comunicaci\u00f3n con usted durante el uso de nuestros productos y servicios. Esta pol\u00edtica explica c\u00f3mo se protege su informaci\u00f3n personal. Nuestro objetivo es otorgarle el m\u00e1ximo control y transparencia sobre su privacidad y informaci\u00f3n personal, as\u00ed como tambi\u00e9n la forma en que utilizamos dicha informaci\u00f3n en el curso de nuestras operaciones comerciales.<\/div><h4>\u00bfC\u00f3mo utiliza mi informaci\u00f3n Taian Jinya Import &amp; Export Co., Ltd.?<\/h4><div>Recopilamos informaci\u00f3n personal para ofrecer una experiencia de usuario de alta calidad y ayudarnos a entender mejor a nuestros clientes. Taian Jinya Import &amp; Export Co., Ltd. no vende, comercializa ni alquila su informaci\u00f3n personal a terceros.<\/div><div>\u00a0<\/div><div>La informaci\u00f3n personal que usted proporciona voluntariamente nos permite procesar y cumplir su solicitud de pruebas gratuitas en el centro de capacitaci\u00f3n de Taian Jinya Import &amp; Export Co., Ltd. Si eliges pedir nuestros productos y servicios, tambi\u00e9n utilizaremos esta informaci\u00f3n para procesar y cumplir con tus pedidos, as\u00ed como notificarte sobre las actualizaciones de estado de pedidos.<\/div><ol><li>Utilizamos la informaci\u00f3n personal que usted proporciona para mantenerlo actualizado con la informaci\u00f3n m\u00e1s reciente sobre nuestros productos y servicios.<\/li><li>Ocasionalmente podemos usar la informaci\u00f3n recopilada para notificarle sobre cambios importantes en las funciones del sitio web, nuevos servicios y productos lanzados por Taian Jinya Import &amp; Export Co., Ltd., y ofertas especiales que creemos que encontrar\u00e1 valiosas.<\/li><li>Cuando proporciona informaci\u00f3n personal para participar en concursos o eventos promocionales patrocinados por Taian Jinya Import &amp; Export Co., Ltd. o sus socios, utilizamos esta informaci\u00f3n para administrar los concursos y notificar a los ganadores. Toda la informaci\u00f3n relacionada con dichos concursos y promociones ser\u00e1 almacenada por nosotros.<\/li><li>Utilizamos la informaci\u00f3n personal que proporciona para realizar publicidad y campa\u00f1as promocionales dirigidas a nuestros clientes. A los anunciantes no se les otorga acceso a la informaci\u00f3n de su cuenta personal. Estos anuncios suelen adoptar la forma de anuncios publicitarios y correos electr\u00f3nicos promocionales.<\/li><li>Tambi\u00e9n realizamos investigaciones sobre datos demogr\u00e1ficos, intereses y comportamientos de los usuarios basados en la informaci\u00f3n que proporciona a trav\u00e9s de herramientas de encuestas en l\u00ednea. Dicha informaci\u00f3n se compila y analiza de forma agregada o anonimizada.<\/li><li>Utilizamos direcciones IP recopiladas para informar informaci\u00f3n agregada o anonimizada a los anunciantes.<\/li><\/ol><h4>\u00bfQui\u00e9n recopila la informaci\u00f3n?<\/h4><div>Cuando usted proporciona informaci\u00f3n personal en el sitio web de Taian Jinya Import &amp; Export Co., Ltd., dicha informaci\u00f3n se comparte exclusivamente con nuestra empresa, a menos que se indique lo contrario. Si alguna empresa que no sea Taian Jinya Import &amp; Export Co., Ltd. recopila o mantiene sus datos personales a trav\u00e9s de nuestro sitio web, le notificaremos antes de dicha recopilaci\u00f3n o transmisi\u00f3n. Siempre conserva la opci\u00f3n de negarse a compartir su informaci\u00f3n.<\/div><div>\u00a0<\/div><div>Cuando los eventos promocionales sean patrocinados por empresas no afiliadas a Taian Jinya Import &amp; Export Co., Ltd., los datos relacionados con dichas promociones recopilados a trav\u00e9s de nuestro sitio web pueden compartirse con los patrocinadores. En tales casos, le notificaremos antes de que ocurra la recogida o transmisi\u00f3n, y puede optar por no participar. La mayor\u00eda de estas promociones est\u00e1n restringidas a los residentes de los Estados Unidos o Am\u00e9rica del Norte.<\/div><div>\u00a0<\/div><div>Si usted vincula a sitios web de terceros desde nuestro sitio, estos terceros pueden recopilar informaci\u00f3n sobre usted. Esta Pol\u00edtica de Privacidad no cubre las pr\u00e1cticas de estas empresas externas.<\/div><h4>\u00bfCompartir\u00e1 mi informaci\u00f3n Taian Jinya Import &amp; Export Co., Ltd.?<\/h4><div>Taian Jinya Import &amp; Export Co., Ltd. no divulgar\u00e1 ninguna de sus Informaci\u00f3n personal a terceros sin su consentimiento, excepto como se describe en esta Pol\u00edtica. Por favor, consulte la siguiente secci\u00f3n para m\u00e1s detalles.<\/div><h4>Otras circunstancias<\/h4><div>Tambi\u00e9n podemos divulgar su informaci\u00f3n cuando sea necesario para identificar, contactar o emprender acciones legales contra personas que puedan causar da\u00f1o o infringir los derechos de nuestra Compa\u00f1\u00eda, nuestros Usuarios u otras Partes. Podemos divulgar informaci\u00f3n cuando creemos razonablemente que es obligatorio por ley o es necesario cumplir con los procesos legales que se entregan en Taian Jinya Import &amp; Export Co., Ltd. o su sitio web. En situaciones de emergencia, podemos divulgar su informaci\u00f3n personal si, de buena fe, creemos que dicha acci\u00f3n es esencial para proteger la seguridad personal de nuestros usuarios, nuestro sitio web o el p\u00fablico en general.<\/div><h4>\u00bfC\u00f3mo protege Taian Jinya Import &amp; Export Co., Ltd. su tarjeta de cr\u00e9dito e informaci\u00f3n financiera?<\/h4><div>Estamos dedicados a proteger la privacidad de su tarjeta de cr\u00e9dito y la informaci\u00f3n de su cuenta financiera. No vendemos, intercambiamos ni alquilamos su informaci\u00f3n financiera o de tarjeta de cr\u00e9dito. No proporcionaremos esta informaci\u00f3n a ninguna de las partes sin su consentimiento.<\/div><div>\u00a0<\/div><div>Podemos compartir datos estad\u00edsticos sobre nuestros clientes con anunciantes, socios, proveedores y otros terceros de buena reputaci\u00f3n. Dichos datos se agregan o anonimizan exclusivamente y no contienen informaci\u00f3n de identificaci\u00f3n personal. Por ejemplo, no revelaremos cu\u00e1ntos clientes individuales compraron un producto espec\u00edfico, pero podemos revelar cifras estad\u00edsticas sobre el n\u00famero de clientes que compraron un producto en particular.<\/div><div>\u00a0<\/div><div>Cuando ingresa la informaci\u00f3n de la tarjeta de cr\u00e9dito en nuestro sitio web, transmitimos dicha informaci\u00f3n en un formato encriptado utilizando tecnolog\u00eda de cifrado SSL est\u00e1ndar de la industria.<\/div><h4>Sus derechos con respecto a los datos personales<\/h4><div>De conformidad con esta Pol\u00edtica de Privacidad y Cookies y las leyes aplicables (si se encuentra en la Uni\u00f3n Europea), tiene derecho a los siguientes derechos:<\/div><ul><li><strong>Derecho a solicitar acceso a sus datos personales<\/strong>: Si se encuentra en la UE, tiene derecho a recibir una copia de los datos personales que tenemos sobre usted y verificar que tratemos dichos datos de forma legal.<\/li><li><strong>Derecho a solicitar la correcci\u00f3n de sus datos personales<\/strong>: Puede solicitar la correcci\u00f3n de cualquier informaci\u00f3n incompleta o inexacta que tengamos sobre usted.<\/li><li><strong>Derecho a solicitar la eliminaci\u00f3n de sus datos personales<\/strong>: Puede solicitar que eliminemos o eliminemos sus datos personales cuando no haya una base leg\u00edtima para que continuemos proces\u00e1ndolo. Tambi\u00e9n tiene este derecho si ha ejercido su derecho a oponerse al procesamiento (ver m\u00e1s abajo).<\/li><li><strong>Derecho a oponerse al tratamiento de sus datos personales<\/strong>: Tiene este derecho cuando nos basamos en intereses leg\u00edtimos como base legal para el tratamiento, y sus circunstancias espec\u00edficas lo llevan a oponerse al tratamiento de sus datos personales por tales motivos. Tambi\u00e9n tiene derecho a oponerse cuando utilizamos sus datos personales con fines de marketing directo.<\/li><li><strong>Derecho a solicitar la restricci\u00f3n del tratamiento de sus datos personales<\/strong>: Puede solicitar que suspendamos el tratamiento de sus datos personales, por ejemplo, si desea verificar su exactitud o la base legal para nuestro tratamiento.<\/li><li><strong>Derecho a la portabilidad de los datos<\/strong>: Si se encuentra en la UE, le proporcionaremos sus datos personales a usted oa un tercero de su elecci\u00f3n en un formato estructurado, de uso com\u00fan y legible por m\u00e1quina. Tenga en cuenta que este derecho se aplica solo a la informaci\u00f3n automatizada que usted consinti\u00f3 inicialmente para que utilicemos o la informaci\u00f3n que utilizamos para cumplir con un contrato celebrado con usted.<\/li><li><strong>Derecho a retirar el consentimiento<\/strong>: Este derecho se aplica \u00fanicamente cuando confiamos en su consentimiento para procesar sus datos personales. Si retira su consentimiento, es posible que no podamos proporcionarle ciertas caracter\u00edsticas de nuestro sitio web. Le informaremos si este es el caso tras su retiro del consentimiento.<\/li><\/ul><h4>quejas<\/h4><div>Si desea presentar una queja sobre esta Pol\u00edtica de privacidad o nuestras pr\u00e1cticas relacionadas con sus datos personales, cont\u00e1ctenos en <a href=\"mailto:sales@corexo.fit\">sales@corexo.fit<\/a>. Responderemos a su queja lo antes posible.<\/div><div>\u00a0<\/div><div>Si cree que su queja no se ha resuelto por completo, tenga en cuenta que el Reglamento General de Protecci\u00f3n de Datos (GDPR) le otorga el derecho de contactar a su autoridad de supervisi\u00f3n de protecci\u00f3n de datos local si se encuentra en la Uni\u00f3n Europea.<\/div><h4>Archivos de registro<\/h4><div>Cada vez que accede a una p\u00e1gina web, su navegador informa autom\u00e1ticamente la informaci\u00f3n del archivo de registro. Cuando utiliza nuestros servicios, nuestros servidores registran autom\u00e1ticamente cierta informaci\u00f3n enviada por su navegador durante su visita a cualquier sitio web. Estos registros de servidor pueden incluir sus solicitudes web, direcci\u00f3n de protocolo de Internet (IP), tipo de navegador, p\u00e1ginas de referencia y URL de salida, n\u00famero de clics, nombres de dominio, p\u00e1ginas de destino, p\u00e1ginas vistas y otra informaci\u00f3n similar.<\/div><h4>Periodo de retenci\u00f3n de datos personales<\/h4><div>Conservaremos su informaci\u00f3n mientras su cuenta permanezca activa, o por un per\u00edodo razonablemente necesario para cumplir con los fines descritos en \u201cC\u00f3mo utilizamos sus datos personales y por qu\u00e9\u201d, salvo que solicite que eliminemos sus datos personales de acuerdo con \u201cSus derechos con respecto a los datos personales\u201d.<\/div><div>\u00a0<\/div><div>Conservaremos sus datos personales solo durante el tiempo que sea razonablemente necesario para nuestros fines comerciales, a menos que la ley requiera un per\u00edodo de retenci\u00f3n m\u00e1s largo (por ejemplo, para el cumplimiento de las normas). Esto puede incluir la retenci\u00f3n de sus datos personales durante un per\u00edodo posterior a la desactivaci\u00f3n de su cuenta, para buscar intereses comerciales leg\u00edtimos, realizar auditor\u00edas, cumplir (y demostrar el cumplimiento de) obligaciones legales, resolver disputas y hacer cumplir nuestros acuerdos.<\/div><h4>\u00bfQu\u00e9 son las cookies y c\u00f3mo las utiliza Taian Jinya Import &amp; Export Co., Ltd.?<\/h4><div>Ciertas caracter\u00edsticas de nuestro sistema de gesti\u00f3n de aprendizaje usan \u201ccookies\u201d para identificar instant\u00e1neamente a los usuarios y asignar los permisos adecuados para diversas funciones dentro del sistema. Una \u201ccookie\u201d es una peque\u00f1a pieza de datos que se env\u00eda desde un servidor web a su navegador y que el navegador almacena en el disco duro de su computadora.<\/div><div>Su navegador debe estar configurado para aceptar cookies antes de que pueda iniciar sesi\u00f3n o personalizar el sitio. La mayor\u00eda de los navegadores est\u00e1n configurados para aceptar cookies de forma predeterminada, pero generalmente puede modificar la configuraci\u00f3n de su navegador para rechazar las cookies. Taian Jinya Import &amp; Export Co., Ltd. no utiliza cookies para recuperar informaci\u00f3n personal sobre usted desde su computadora. Esta pol\u00edtica no cubre el uso de cookies por parte de cualquier anunciante en nuestro sitio web.<\/div><div>Taian Jinya Import &amp; Export Co., Ltd. utiliza cookies para los siguientes fines:<\/div><ol><li>Para recuperar su nombre y la informaci\u00f3n de su cuenta para facilitar el acceso a su cuenta cuando inicia sesi\u00f3n en nuestro sitio web. Las cookies se establecen al iniciar sesi\u00f3n y se modifican al cerrar sesi\u00f3n.<\/li><li>para estimar el tama\u00f1o de nuestra audiencia. Se asigna una cookie \u00fanica a cada navegador que visita nuestro sitio, que luego se utiliza para determinar la frecuencia de las visitas de regreso y el n\u00famero de visitantes \u00fanicos.<\/li><\/ol><h4>su consentimiento<\/h4><div>Al utilizar nuestro sitio web, usted acepta la recopilaci\u00f3n y el uso de la informaci\u00f3n antes mencionada por Taian Jinya Import &amp; Export Co., Ltd. Si decidimos modificar esta Pol\u00edtica de Privacidad, publicaremos los cambios en esta p\u00e1gina para asegurarnos de que siempre est\u00e9 informado sobre qu\u00e9 informaci\u00f3n recopilamos, c\u00f3mo la usamos y en qu\u00e9 circunstancias la divulgamos.<\/div><h4>Pol\u00edtica de inclusi\u00f3n\/exclusi\u00f3n<\/h4><div>Al registrar o enviar informaci\u00f3n personal, Taian Jinya Import &amp; Export Co., Ltd. le brinda la opci\u00f3n de elegir si desea recibir m\u00e1s comunicaciones de nuestra parte. Si opta por recibir dichas comunicaciones, podemos enviarle correos electr\u00f3nicos o correo postal con respecto a los productos y servicios que creemos que le pueden interesar.<\/div><div>\u00a0<\/div><div>Para dejar de recibir estas ofertas promocionales, siga las instrucciones de \u201ccancelar suscripci\u00f3n\u201d incluidas en cada correo electr\u00f3nico. Si desea dejar de recibir comunicaciones electr\u00f3nicas de Taian Jinya Import &amp; Export Co., Ltd., cont\u00e1ctenos en <strong><a href=\"mailto:sales@corexo.fit\">sales@corexo.fit<\/a>.<\/strong> No vendemos, intercambiamos ni alquilamos su informaci\u00f3n personal a terceros.<\/div><h4>Cont\u00e1ctenos<\/h4><div>Si tiene alguna pregunta sobre esta Pol\u00edtica de Privacidad, las pr\u00e1cticas de este sitio web o sus interacciones con este sitio web, cont\u00e1ctenos en <strong><a href=\"mailto:sales@corexo.fit\">sales@corexo.fit<\/a><\/strong>.<\/div>\t\t\t\t\t\t\t\t<\/div>\n\t\t\t\t\t<\/div>\n\t\t<\/div>\n\t\t\t\t\t<\/div>\n\t\t<\/section>\n\t\t\t\t<\/div>","protected":false},"excerpt":{"rendered":"<p>Privacy Policy Home Privacy Policy Taian Jinya Import &amp; Export Co., Ltd. is committed to protecting your privacy and earning your trust. We do not sell, trade, or rent your personal information to third parties. This policy outlines the privacy practices adhered to by the website of Taian Jinya Import &amp; Export Co., Ltd. We [&hellip;]<\/p>\n","protected":false},"author":1,"featured_media":0,"parent":0,"menu_order":0,"comment_status":"closed","ping_status":"closed","template":"","meta":{"footnotes":""},"class_list":["post-192","page","type-page","status-publish","hentry"],"_links":{"self":[{"href":"https:\/\/corexofitness.com\/es\/wp-json\/wp\/v2\/pages\/192","targetHints":{"allow":["GET"]}}],"collection":[{"href":"https:\/\/corexofitness.com\/es\/wp-json\/wp\/v2\/pages"}],"about":[{"href":"https:\/\/corexofitness.com\/es\/wp-json\/wp\/v2\/types\/page"}],"author":[{"embeddable":true,"href":"https:\/\/corexofitness.com\/es\/wp-json\/wp\/v2\/users\/1"}],"replies":[{"embeddable":true,"href":"https:\/\/corexofitness.com\/es\/wp-json\/wp\/v2\/comments?post=192"}],"version-history":[{"count":0,"href":"https:\/\/corexofitness.com\/es\/wp-json\/wp\/v2\/pages\/192\/revisions"}],"wp:attachment":[{"href":"https:\/\/corexofitness.com\/es\/wp-json\/wp\/v2\/media?parent=192"}],"curies":[{"name":"wp","href":"https:\/\/api.w.org\/{rel}","templated":true}]}}