{"id":682,"date":"2026-01-31T00:48:40","date_gmt":"2026-01-31T00:48:40","guid":{"rendered":"https:\/\/corexofitness.com\/?post_type=product&#038;p=682"},"modified":"2026-03-13T00:39:57","modified_gmt":"2026-03-13T00:39:57","slug":"commercial-bicycle-ac-9102","status":"publish","type":"product","link":"https:\/\/corexofitness.com\/ar\/product\/commercial-bicycle-ac-9102\/","title":{"rendered":"\u062f\u0631\u0627\u062c\u0629 \u062a\u062c\u0627\u0631\u064a\u0629 - AC-9102"},"content":{"rendered":"<h2>\u062f\u0631\u0627\u062c\u0629 \u062a\u062c\u0627\u0631\u064a\u0629 - AC-9102<\/h2>\n<table style=\"border-collapse: collapse; font-family: Arial, sans-serif;\" border=\"1\" cellspacing=\"0\" cellpadding=\"8\">\n<thead>\n<tr style=\"background-color: #f2f2f2;\">\n<th>\u0645\u0627\u062f\u0629<\/th>\n<th>\u0645\u0648\u0627\u0635\u0641\u0627\u062a<\/th>\n<\/tr>\n<\/thead>\n<tbody>\n<tr>\n<td>\u0646\u0648\u0639 \u0627\u0644\u0645\u0639\u062f\u0627\u062a<\/td>\n<td>\u062f\u0631\u0627\u062c\u0629 \u0647\u0648\u0627\u0626\u064a\u0629<\/td>\n<\/tr>\n<tr>\n<td>\u0627\u0644\u0648\u0632\u0646 \u0627\u0644\u0635\u0627\u0641\u064a \/ \u0627\u0644\u0648\u0632\u0646 \u0627\u0644\u0625\u062c\u0645\u0627\u0644\u064a<\/td>\n<td>80 \u0643\u062c\u0645 \/ 100 \u0643\u062c\u0645<\/td>\n<\/tr>\n<tr>\n<td>\u0627\u0644\u0623\u0628\u0639\u0627\u062f \u0627\u0644\u0645\u062c\u0645\u0639\u0629 (L \u00d7 W \u00d7 H)<\/td>\n<td>1110 \u00d7 690 \u00d7 1520 \u0645\u0644\u0645<\/td>\n<\/tr>\n<tr>\n<td>\u062d\u062c\u0645 \u0643\u0631\u062a\u0648\u0646 \u0627\u0644\u062a\u0639\u0628\u0626\u0629 \u0648\u0627\u0644\u062a\u063a\u0644\u064a\u0641<\/td>\n<td>1220 \u00d7 675 \u00d7 750 \u0645\u0644\u0645<\/td>\n<\/tr>\n<tr>\n<td>\u0628\u0631\u0632<\/td>\n<td>LED \/ LCD<\/td>\n<\/tr>\n<\/tbody>\n<\/table>","protected":false},"excerpt":{"rendered":"<p>Commercial Bicycle &#8211; AC-9102 Item Specification Equipment Type Upright Bike Net Weight \/ Gross Weight 80 kg \/ 100 kg Assembled Dimensions (L \u00d7 W \u00d7 H) 1110 \u00d7 690 \u00d7 1520 mm Packaging Carton Size 1220 \u00d7 675 \u00d7 750 mm Display LED \/ LCD<\/p>","protected":false},"featured_media":683,"template":"","meta":[],"product_brand":[],"product_cat":[34,38],"product_tag":[],"class_list":{"0":"post-682","1":"product","2":"type-product","3":"status-publish","4":"has-post-thumbnail","6":"product_cat-aerobic-training-equipment","7":"product_cat-commercial-bicycle-ac-series","9":"first","10":"instock","11":"shipping-taxable","12":"product-type-simple"},"_links":{"self":[{"href":"https:\/\/corexofitness.com\/ar\/wp-json\/wp\/v2\/product\/682","targetHints":{"allow":["GET"]}}],"collection":[{"href":"https:\/\/corexofitness.com\/ar\/wp-json\/wp\/v2\/product"}],"about":[{"href":"https:\/\/corexofitness.com\/ar\/wp-json\/wp\/v2\/types\/product"}],"wp:featuredmedia":[{"embeddable":true,"href":"https:\/\/corexofitness.com\/ar\/wp-json\/wp\/v2\/media\/683"}],"wp:attachment":[{"href":"https:\/\/corexofitness.com\/ar\/wp-json\/wp\/v2\/media?parent=682"}],"wp:term":[{"taxonomy":"product_brand","embeddable":true,"href":"https:\/\/corexofitness.com\/ar\/wp-json\/wp\/v2\/product_brand?post=682"},{"taxonomy":"product_cat","embeddable":true,"href":"https:\/\/corexofitness.com\/ar\/wp-json\/wp\/v2\/product_cat?post=682"},{"taxonomy":"product_tag","embeddable":true,"href":"https:\/\/corexofitness.com\/ar\/wp-json\/wp\/v2\/product_tag?post=682"}],"curies":[{"name":"wp","href":"https:\/\/api.w.org\/{rel}","templated":true}]}}