{"id":675,"date":"2026-01-31T00:32:58","date_gmt":"2026-01-31T00:32:58","guid":{"rendered":"https:\/\/corexofitness.com\/?post_type=product&#038;p=675"},"modified":"2026-03-13T01:07:31","modified_gmt":"2026-03-13T01:07:31","slug":"stair-climber-sc-9002","status":"publish","type":"product","link":"https:\/\/corexofitness.com\/ar\/product\/stair-climber-sc-9002\/","title":{"rendered":"\u0645\u062a\u0633\u0644\u0642 \u0627\u0644\u062f\u0631\u062c \u2013 SC-9002"},"content":{"rendered":"<h2>\u0645\u062a\u0633\u0644\u0642 \u0627\u0644\u062f\u0631\u062c \u2013 SC-9002<\/h2>\n<table style=\"border-collapse: collapse; font-family: Arial, sans-serif;\" border=\"1\" cellspacing=\"0\" cellpadding=\"8\">\n<thead>\n<tr style=\"background-color: #f2f2f2;\">\n<th>\u0645\u0627\u062f\u0629<\/th>\n<th>\u0645\u0648\u0627\u0635\u0641\u0627\u062a<\/th>\n<\/tr>\n<\/thead>\n<tbody>\n<tr>\n<td>\u0646\u0648\u0639 \u0627\u0644\u0645\u0639\u062f\u0627\u062a<\/td>\n<td>\u0645\u062a\u0633\u0644\u0642 \u0627\u0644\u0633\u0644\u0645<\/td>\n<\/tr>\n<tr>\n<td>\u0627\u0644\u0648\u0632\u0646 \u0627\u0644\u0635\u0627\u0641\u064a \/ \u0627\u0644\u0648\u0632\u0646 \u0627\u0644\u0625\u062c\u0645\u0627\u0644\u064a<\/td>\n<td>174 \u0643\u062c\u0645 \/ 220 \u0643\u062c\u0645<\/td>\n<\/tr>\n<tr>\n<td>\u0627\u0644\u0623\u0628\u0639\u0627\u062f \u0627\u0644\u0645\u062c\u0645\u0639\u0629 (L \u00d7 W \u00d7 H)<\/td>\n<td>1400 \u00d7 860 \u00d7 2100 \u0645\u0644\u0645<\/td>\n<\/tr>\n<tr>\n<td>\u062d\u062c\u0645 \u0643\u0631\u062a\u0648\u0646 \u0627\u0644\u062a\u0639\u0628\u0626\u0629 \u0648\u0627\u0644\u062a\u063a\u0644\u064a\u0641<\/td>\n<td>1370 \u00d7 960 \u00d7 1300 \u0645\u0644\u0645<\/td>\n<\/tr>\n<tr>\n<td>\u0628\u0631\u0632<\/td>\n<td>LED \/ LCD<\/td>\n<\/tr>\n<\/tbody>\n<\/table>","protected":false},"excerpt":{"rendered":"<p>Stair Climber &#8211; SC-9002 Item Specification Equipment Type Stair Climber Net Weight \/ Gross Weight 174 kg \/ 220 kg Assembled Dimensions (L \u00d7 W \u00d7 H) 1400 \u00d7 860 \u00d7 2100 mm Packaging Carton Size 1370 \u00d7 960 \u00d7 1300 mm Display LED \/ LCD<\/p>","protected":false},"featured_media":676,"template":"","meta":[],"product_brand":[],"product_cat":[34,37],"product_tag":[],"class_list":{"0":"post-675","1":"product","2":"type-product","3":"status-publish","4":"has-post-thumbnail","6":"product_cat-aerobic-training-equipment","7":"product_cat-stair-climber-sc-aerobic-climbing-series","9":"first","10":"instock","11":"shipping-taxable","12":"product-type-simple"},"_links":{"self":[{"href":"https:\/\/corexofitness.com\/ar\/wp-json\/wp\/v2\/product\/675","targetHints":{"allow":["GET"]}}],"collection":[{"href":"https:\/\/corexofitness.com\/ar\/wp-json\/wp\/v2\/product"}],"about":[{"href":"https:\/\/corexofitness.com\/ar\/wp-json\/wp\/v2\/types\/product"}],"wp:featuredmedia":[{"embeddable":true,"href":"https:\/\/corexofitness.com\/ar\/wp-json\/wp\/v2\/media\/676"}],"wp:attachment":[{"href":"https:\/\/corexofitness.com\/ar\/wp-json\/wp\/v2\/media?parent=675"}],"wp:term":[{"taxonomy":"product_brand","embeddable":true,"href":"https:\/\/corexofitness.com\/ar\/wp-json\/wp\/v2\/product_brand?post=675"},{"taxonomy":"product_cat","embeddable":true,"href":"https:\/\/corexofitness.com\/ar\/wp-json\/wp\/v2\/product_cat?post=675"},{"taxonomy":"product_tag","embeddable":true,"href":"https:\/\/corexofitness.com\/ar\/wp-json\/wp\/v2\/product_tag?post=675"}],"curies":[{"name":"wp","href":"https:\/\/api.w.org\/{rel}","templated":true}]}}