{"id":666,"date":"2026-01-31T00:09:24","date_gmt":"2026-01-31T00:09:24","guid":{"rendered":"https:\/\/corexofitness.com\/?post_type=product&#038;p=666"},"modified":"2026-03-13T02:03:33","modified_gmt":"2026-03-13T02:03:33","slug":"elliptical-machine-ae-9001","status":"publish","type":"product","link":"https:\/\/corexofitness.com\/ar\/product\/elliptical-machine-ae-9001\/","title":{"rendered":"\u0622\u0644\u0629 \u0628\u064a\u0636\u0627\u0648\u064a\u0629 - AE-9001"},"content":{"rendered":"<h2>\u0622\u0644\u0629 \u0628\u064a\u0636\u0627\u0648\u064a\u0629 - AE-9001<\/h2>\n<table style=\"border-collapse: collapse; font-family: Arial, sans-serif;\" border=\"1\" cellspacing=\"0\" cellpadding=\"8\">\n<thead>\n<tr style=\"background-color: #f2f2f2;\">\n<th>\u0645\u0627\u062f\u0629<\/th>\n<th>\u0645\u0648\u0627\u0635\u0641\u0627\u062a<\/th>\n<\/tr>\n<\/thead>\n<tbody>\n<tr>\n<td>\u0646\u0648\u0639 \u0627\u0644\u0645\u0639\u062f\u0627\u062a<\/td>\n<td>\u0622\u0644\u0629 \u0628\u064a\u0636\u0627\u0648\u064a\u0629 \u0627\u0644\u0634\u0643\u0644<\/td>\n<\/tr>\n<tr>\n<td>\u0627\u0644\u0648\u0632\u0646 \u0627\u0644\u0635\u0627\u0641\u064a \/ \u0627\u0644\u0648\u0632\u0646 \u0627\u0644\u0625\u062c\u0645\u0627\u0644\u064a<\/td>\n<td>124 \u0643\u062c\u0645 \/ 144 \u0643\u062c\u0645<\/td>\n<\/tr>\n<tr>\n<td>\u0627\u0644\u0623\u0628\u0639\u0627\u062f \u0627\u0644\u0645\u062c\u0645\u0639\u0629 (L \u00d7 W \u00d7 H)<\/td>\n<td>2050 \u00d7 660 \u00d7 1800 \u0645\u0645<\/td>\n<\/tr>\n<tr>\n<td>\u062d\u062c\u0645 \u0643\u0631\u062a\u0648\u0646 \u0627\u0644\u062a\u0639\u0628\u0626\u0629 \u0648\u0627\u0644\u062a\u063a\u0644\u064a\u0641<\/td>\n<td>2130 \u00d7 730 \u00d7 880 \u0645\u0644\u0645<\/td>\n<\/tr>\n<tr>\n<td>\u0628\u0631\u0632<\/td>\n<td>\u0642\u0627\u062f<\/td>\n<\/tr>\n<\/tbody>\n<\/table>","protected":false},"excerpt":{"rendered":"<p>Elliptical Machine &#8211; AE-9001 Item Specification Equipment Type Elliptical Machine Net Weight \/ Gross Weight 124 kg \/ 144 kg Assembled Dimensions (L \u00d7 W \u00d7 H) 2050 \u00d7 660 \u00d7 1800 mm Packaging Carton Size 2130 \u00d7 730 \u00d7 880 mm Display LED<\/p>","protected":false},"featured_media":667,"template":"","meta":[],"product_brand":[],"product_cat":[34,36],"product_tag":[],"class_list":{"0":"post-666","1":"product","2":"type-product","3":"status-publish","4":"has-post-thumbnail","6":"product_cat-aerobic-training-equipment","7":"product_cat-elliptical-machine-ae-series","9":"first","10":"instock","11":"shipping-taxable","12":"product-type-simple"},"_links":{"self":[{"href":"https:\/\/corexofitness.com\/ar\/wp-json\/wp\/v2\/product\/666","targetHints":{"allow":["GET"]}}],"collection":[{"href":"https:\/\/corexofitness.com\/ar\/wp-json\/wp\/v2\/product"}],"about":[{"href":"https:\/\/corexofitness.com\/ar\/wp-json\/wp\/v2\/types\/product"}],"wp:featuredmedia":[{"embeddable":true,"href":"https:\/\/corexofitness.com\/ar\/wp-json\/wp\/v2\/media\/667"}],"wp:attachment":[{"href":"https:\/\/corexofitness.com\/ar\/wp-json\/wp\/v2\/media?parent=666"}],"wp:term":[{"taxonomy":"product_brand","embeddable":true,"href":"https:\/\/corexofitness.com\/ar\/wp-json\/wp\/v2\/product_brand?post=666"},{"taxonomy":"product_cat","embeddable":true,"href":"https:\/\/corexofitness.com\/ar\/wp-json\/wp\/v2\/product_cat?post=666"},{"taxonomy":"product_tag","embeddable":true,"href":"https:\/\/corexofitness.com\/ar\/wp-json\/wp\/v2\/product_tag?post=666"}],"curies":[{"name":"wp","href":"https:\/\/api.w.org\/{rel}","templated":true}]}}