{"id":662,"date":"2026-01-30T09:33:44","date_gmt":"2026-01-30T09:33:44","guid":{"rendered":"https:\/\/corexofitness.com\/?post_type=product&#038;p=662"},"modified":"2026-03-13T02:07:33","modified_gmt":"2026-03-13T02:07:33","slug":"commercial-treadmill-at-t6001","status":"publish","type":"product","link":"https:\/\/corexofitness.com\/ar\/product\/commercial-treadmill-at-t6001\/","title":{"rendered":"\u062c\u0647\u0627\u0632 \u0627\u0644\u0645\u0634\u064a \u0627\u0644\u062a\u062c\u0627\u0631\u064a - AT-T6001"},"content":{"rendered":"<h2>\u062c\u0647\u0627\u0632 \u0627\u0644\u0645\u0634\u064a \u0627\u0644\u062a\u062c\u0627\u0631\u064a - AT-T6001<\/h2>\n<table style=\"border-collapse: collapse; font-family: Arial, sans-serif;\" border=\"1\" cellspacing=\"0\" cellpadding=\"8\">\n<thead>\n<tr style=\"background-color: #f2f2f2;\">\n<th>\u0645\u0627\u062f\u0629<\/th>\n<th>\u0645\u0648\u0627\u0635\u0641\u0627\u062a<\/th>\n<\/tr>\n<\/thead>\n<tbody>\n<tr>\n<td>\u0646\u0648\u0639 \u0627\u0644\u0645\u0639\u062f\u0627\u062a<\/td>\n<td>\u062c\u0647\u0627\u0632 \u0645\u0634\u064a \u062a\u062c\u0627\u0631\u064a<\/td>\n<\/tr>\n<tr>\n<td>\u0627\u0644\u0648\u0632\u0646 \u0627\u0644\u0635\u0627\u0641\u064a \/ \u0627\u0644\u0648\u0632\u0646 \u0627\u0644\u0625\u062c\u0645\u0627\u0644\u064a<\/td>\n<td>244 \u0643\u062c\u0645 (\u0645\u0648\u062f\u064a\u0644 LED) \/ 247 \u0643\u062c\u0645 (\u0646\u0645\u0648\u0630\u062c LCD) - \u0627\u0644\u0648\u0632\u0646 \u0627\u0644\u0625\u062c\u0645\u0627\u0644\u064a: 284 \u0643\u062c\u0645<\/td>\n<\/tr>\n<tr>\n<td>\u0627\u0644\u0623\u0628\u0639\u0627\u062f \u0627\u0644\u0645\u062c\u0645\u0639\u0629 (L \u00d7 W \u00d7 H)<\/td>\n<td>2222 \u00d7 930 \u00d7 1700 \u0645\u0644\u0645<\/td>\n<\/tr>\n<tr>\n<td>\u062a\u063a\u0644\u064a\u0641<\/td>\n<td>\u0627\u0644\u0643\u0631\u062a\u0648\u0646: 1100 \u00d7 1050 \u00d7 300 \u0645\u0645<br \/>\n\u0635\u0646\u062f\u0648\u0642 \u0627\u0644\u062e\u0634\u0628 \u0627\u0644\u0631\u0642\u0627\u0626\u0642\u064a: 2310 \u00d7 960 \u00d7 650 \u0645\u0645<\/td>\n<\/tr>\n<tr>\n<td>\u0628\u0631\u0632<\/td>\n<td>\u0634\u0627\u0634\u0627\u062a \u0627\u0644\u0643\u0631\u064a\u0633\u062a\u0627\u0644 \u0627\u0644\u0633\u0627\u0626\u0644 \u0623\u0648 LED\u060c 21.5 \u0628\u0648\u0635\u0629<\/td>\n<\/tr>\n<tr>\n<td>\u0642\u0648\u0629 \u0627\u0644\u0625\u062f\u062e\u0627\u0644<\/td>\n<td>220 \u0641\u0648\u0644\u062a \u060c 8.6 \u0623<\/td>\n<\/tr>\n<tr>\n<td>\u0642\u0648\u0629 \u0627\u0644\u0645\u062d\u0631\u0643<\/td>\n<td>3.0 \u062d\u0635\u0627\u0646 (2.2 \u0643\u064a\u0644\u0648 \u0648\u0627\u0637)<\/td>\n<\/tr>\n<tr>\n<td>\u0645\u064a\u062f\u0627\u0646 \u0627\u0644\u0633\u0631\u0639\u0629<\/td>\n<td>1.0 - 20.0 \u0643\u0645 \/ \u0633\u0627\u0639\u0629<\/td>\n<\/tr>\n<tr>\n<td>\u0646\u0637\u0627\u0642 \u0627\u0644\u0627\u0646\u062d\u062f\u0627\u0631<\/td>\n<td>0 - 20.0 \u062f\u0631\u062c\u0629<\/td>\n<\/tr>\n<tr>\n<td>\u0633\u0645\u0643 \u062d\u0632\u0627\u0645 \u0627\u0644\u062c\u0631\u064a<\/td>\n<td>2.4 \u0645\u0644\u0645<\/td>\n<\/tr>\n<tr>\n<td>\u0633\u0645\u0643 \u0633\u0637\u062d \u0627\u0644\u062c\u0631\u064a<\/td>\n<td>25 \u0645\u0644\u0645<\/td>\n<\/tr>\n<tr>\n<td>\u0645\u0646\u0637\u0642\u0629 \u062c\u0631\u064a<\/td>\n<td>1587 \u00d7 580 \u0645\u0644\u0645<\/td>\n<\/tr>\n<\/tbody>\n<\/table>","protected":false},"excerpt":{"rendered":"<p>Commercial Treadmill &#8211; AT-T6001 Item Specification Equipment Type Commercial Treadmill Net Weight \/ Gross Weight 244 kg (LED model) \/ 247 kg (LCD model) \u2014 Gross Weight: 284 kg Assembled Dimensions (L \u00d7 W \u00d7 H) 2222 \u00d7 930 \u00d7 1700 mm Packaging Carton: 1100 \u00d7 1050 \u00d7 300 mm Plywood Box: 2310 \u00d7 960 [&hellip;]<\/p>\n","protected":false},"featured_media":664,"template":"","meta":[],"product_brand":[],"product_cat":[34,35],"product_tag":[],"class_list":{"0":"post-662","1":"product","2":"type-product","3":"status-publish","4":"has-post-thumbnail","6":"product_cat-aerobic-training-equipment","7":"product_cat-commercial-treadmill-non-powered-treadmill","9":"first","10":"instock","11":"shipping-taxable","12":"product-type-simple"},"_links":{"self":[{"href":"https:\/\/corexofitness.com\/ar\/wp-json\/wp\/v2\/product\/662","targetHints":{"allow":["GET"]}}],"collection":[{"href":"https:\/\/corexofitness.com\/ar\/wp-json\/wp\/v2\/product"}],"about":[{"href":"https:\/\/corexofitness.com\/ar\/wp-json\/wp\/v2\/types\/product"}],"wp:featuredmedia":[{"embeddable":true,"href":"https:\/\/corexofitness.com\/ar\/wp-json\/wp\/v2\/media\/664"}],"wp:attachment":[{"href":"https:\/\/corexofitness.com\/ar\/wp-json\/wp\/v2\/media?parent=662"}],"wp:term":[{"taxonomy":"product_brand","embeddable":true,"href":"https:\/\/corexofitness.com\/ar\/wp-json\/wp\/v2\/product_brand?post=662"},{"taxonomy":"product_cat","embeddable":true,"href":"https:\/\/corexofitness.com\/ar\/wp-json\/wp\/v2\/product_cat?post=662"},{"taxonomy":"product_tag","embeddable":true,"href":"https:\/\/corexofitness.com\/ar\/wp-json\/wp\/v2\/product_tag?post=662"}],"curies":[{"name":"wp","href":"https:\/\/api.w.org\/{rel}","templated":true}]}}