{"id":660,"date":"2026-01-30T09:23:56","date_gmt":"2026-01-30T09:23:56","guid":{"rendered":"https:\/\/corexofitness.com\/?post_type=product&#038;p=660"},"modified":"2026-03-13T02:10:07","modified_gmt":"2026-03-13T02:10:07","slug":"commercial-treadmill-at-t7001","status":"publish","type":"product","link":"https:\/\/corexofitness.com\/ar\/product\/commercial-treadmill-at-t7001\/","title":{"rendered":"\u062c\u0647\u0627\u0632 \u0645\u0634\u064a \u062a\u062c\u0627\u0631\u064a - AT-T7001"},"content":{"rendered":"<h2>\u062c\u0647\u0627\u0632 \u0645\u0634\u064a \u062a\u062c\u0627\u0631\u064a - AT-T7001<\/h2>\n<table style=\"border-collapse: collapse; font-family: Arial, sans-serif;\" border=\"1\" cellspacing=\"0\" cellpadding=\"8\">\n<thead>\n<tr style=\"background-color: #f2f2f2;\">\n<th>\u0645\u0627\u062f\u0629<\/th>\n<th>\u0645\u0648\u0627\u0635\u0641\u0627\u062a<\/th>\n<\/tr>\n<\/thead>\n<tbody>\n<tr>\n<td>\u0645\u0646\u0637\u0642\u0629 \u062c\u0631\u064a<\/td>\n<td>1550 \u00d7 560 \u0645\u0644\u0645<\/td>\n<\/tr>\n<tr>\n<td>\u0633\u0645\u0643 \u0627\u0644\u062d\u0632\u0627\u0645<\/td>\n<td>3 \u0645\u0644\u0645<\/td>\n<\/tr>\n<tr>\n<td>\u0635\u064a\u0627\u0646\u0629<\/td>\n<td>\u0635\u064a\u0627\u0646\u0629 \u0645\u062c\u0627\u0646\u064a\u0629<\/td>\n<\/tr>\n<tr>\n<td>\u062d\u062c\u0645 \u0627\u0644\u0639\u0631\u0636<\/td>\n<td>22 \u0628\u0648\u0635\u0629<\/td>\n<\/tr>\n<tr>\n<td>\u0623\u0628\u0639\u0627\u062f \u0627\u0644\u0645\u0646\u062a\u062c (L \u00d7 W \u00d7 H)<\/td>\n<td>1800 \u00d7 930 \u00d7 1535 \u0645\u0644\u0645<\/td>\n<\/tr>\n<tr>\n<td>\u0639\u0631\u0636 \u0633\u0637\u062d \u0627\u0644\u0633\u0641\u064a\u0646\u0629<\/td>\n<td>860 \u0645\u0644\u0645<\/td>\n<\/tr>\n<tr>\n<td>\u0627\u0644\u0648\u0632\u0646 \u0627\u0644\u0635\u0627\u0641\u064a<\/td>\n<td>133 \u0643\u062c\u0645<\/td>\n<\/tr>\n<tr>\n<td>\u0627\u0644\u0648\u0632\u0646 \u0627\u0644\u0625\u062c\u0645\u0627\u0644\u064a<\/td>\n<td>166 \u0643\u062c\u0645<\/td>\n<\/tr>\n<tr>\n<td>\u0627\u0644\u0628\u0631\u0627\u0645\u062c \u0627\u0644\u0645\u062d\u062f\u062f\u0629 \u0645\u0633\u0628\u0642\u064b\u0627<\/td>\n<td>P1 \u2013 P8\u060c \u0628\u0627\u0644\u0625\u0636\u0627\u0641\u0629 \u0625\u0644\u0649 \u0627\u0644\u0648\u0642\u062a\u060c \u0648\u0645\u0639\u062f\u0644 \u0636\u0631\u0628\u0627\u062a \u0627\u0644\u0642\u0644\u0628\u060c \u0648\u0627\u0644\u0639\u062f \u0627\u0644\u062a\u0646\u0627\u0632\u0644\u064a \u0644\u0644\u0633\u0639\u0631\u0627\u062a \u0627\u0644\u062d\u0631\u0627\u0631\u064a\u0629\u060c \u0648\u0637\u0631\u0642 \u0627\u0644\u062a\u062d\u0643\u0645 \u0641\u064a \u0645\u0639\u062f\u0644 \u0636\u0631\u0628\u0627\u062a \u0627\u0644\u0642\u0644\u0628<\/td>\n<\/tr>\n<tr>\n<td>\u0627\u0644\u0625\u0636\u0627\u0621\u0629 \u0627\u0644\u0645\u062d\u064a\u0637\u0629<\/td>\n<td>\u0634\u0631\u0627\u0626\u0637 LED \u0632\u0631\u0642\u0627\u0621 \u0639\u0644\u0649 \u062c\u0627\u0646\u0628\u064a \u0633\u0637\u062d \u0627\u0644\u062c\u0631\u064a - \u0645\u063a\u0644\u0642\u0629 \u0641\u064a \u0648\u0636\u0639 \u0627\u0644\u0627\u0633\u062a\u0639\u062f\u0627\u062f \u060c \u0645\u0636\u0627\u0621\u0629 \u0628\u0627\u0644\u0644\u0648\u0646 \u0627\u0644\u0623\u0632\u0631\u0642 \u0623\u062b\u0646\u0627\u0621 \u0627\u0644\u062a\u0634\u063a\u064a\u0644<\/td>\n<\/tr>\n<tr>\n<td>\u062c\u0631\u064a<\/td>\n<td>\u0633\u0637\u062d \u062e\u0634\u0628 \u0631\u0642\u0627\u0626\u0642\u064a \u0639\u0627\u0644\u064a \u0627\u0644\u0642\u0648\u0629 25 \u0637\u0628\u0642\u0629\u060c \u0623\u0642\u0635\u0649 \u0633\u0639\u0629 \u062a\u062d\u0645\u064a\u0644 \u062b\u0627\u0628\u062a\u0629: 600 \u0643\u062c\u0645<\/td>\n<\/tr>\n<\/tbody>\n<\/table>","protected":false},"excerpt":{"rendered":"<p>Commercial Treadmill &#8211; AT-T7001 Item Specification Running Area 1550 \u00d7 560 mm Belt Thickness 3 mm Maintenance Free-Maintenance Display Size 22 inches Product Dimensions (L \u00d7 W \u00d7 H) 1800 \u00d7 930 \u00d7 1535 mm Running Deck Width 860 mm Net Weight 133 kg Gross Weight 166 kg Preset Programs P1\u2013P8, plus Time, Heart Rate, [&hellip;]<\/p>\n","protected":false},"featured_media":661,"template":"","meta":[],"product_brand":[],"product_cat":[34,35],"product_tag":[],"class_list":{"0":"post-660","1":"product","2":"type-product","3":"status-publish","4":"has-post-thumbnail","6":"product_cat-aerobic-training-equipment","7":"product_cat-commercial-treadmill-non-powered-treadmill","9":"first","10":"instock","11":"shipping-taxable","12":"product-type-simple"},"_links":{"self":[{"href":"https:\/\/corexofitness.com\/ar\/wp-json\/wp\/v2\/product\/660","targetHints":{"allow":["GET"]}}],"collection":[{"href":"https:\/\/corexofitness.com\/ar\/wp-json\/wp\/v2\/product"}],"about":[{"href":"https:\/\/corexofitness.com\/ar\/wp-json\/wp\/v2\/types\/product"}],"wp:featuredmedia":[{"embeddable":true,"href":"https:\/\/corexofitness.com\/ar\/wp-json\/wp\/v2\/media\/661"}],"wp:attachment":[{"href":"https:\/\/corexofitness.com\/ar\/wp-json\/wp\/v2\/media?parent=660"}],"wp:term":[{"taxonomy":"product_brand","embeddable":true,"href":"https:\/\/corexofitness.com\/ar\/wp-json\/wp\/v2\/product_brand?post=660"},{"taxonomy":"product_cat","embeddable":true,"href":"https:\/\/corexofitness.com\/ar\/wp-json\/wp\/v2\/product_cat?post=660"},{"taxonomy":"product_tag","embeddable":true,"href":"https:\/\/corexofitness.com\/ar\/wp-json\/wp\/v2\/product_tag?post=660"}],"curies":[{"name":"wp","href":"https:\/\/api.w.org\/{rel}","templated":true}]}}