{"id":658,"date":"2026-01-30T09:14:59","date_gmt":"2026-01-30T09:14:59","guid":{"rendered":"https:\/\/corexofitness.com\/?post_type=product&#038;p=658"},"modified":"2026-03-13T02:47:05","modified_gmt":"2026-03-13T02:47:05","slug":"commercial-treadmill-at-t8001","status":"publish","type":"product","link":"https:\/\/corexofitness.com\/ar\/product\/commercial-treadmill-at-t8001\/","title":{"rendered":"\u062c\u0647\u0627\u0632 \u0645\u0634\u064a \u062a\u062c\u0627\u0631\u064a - AT-T8001"},"content":{"rendered":"<h2>\u062c\u0647\u0627\u0632 \u0645\u0634\u064a \u062a\u062c\u0627\u0631\u064a - AT-T8001<\/h2>\n<table style=\"border-collapse: collapse; font-family: Arial, sans-serif;\" border=\"1\" cellspacing=\"0\" cellpadding=\"8\">\n<thead>\n<tr style=\"background-color: #f2f2f2;\">\n<th>\u0645\u0627\u062f\u0629<\/th>\n<th>\u0645\u0648\u0627\u0635\u0641\u0627\u062a<\/th>\n<\/tr>\n<\/thead>\n<tbody>\n<tr>\n<td>\u0646\u0648\u0639 \u0627\u0644\u0645\u0639\u062f\u0627\u062a<\/td>\n<td>\u062c\u0647\u0627\u0632 \u0645\u0634\u064a \u062a\u062c\u0627\u0631\u064a (\u0623\u0646\u062f\u0631\u0648\u064a\u062f)<\/td>\n<\/tr>\n<tr>\n<td>\u062d\u062c\u0645 \u0627\u0644\u0639\u0631\u0636 \u0627\u0644\u062e\u0644\u0641\u064a (\u0639\u0631\u0636 \u00d7 \u0627\u0631\u062a\u0641\u0627\u0639)<\/td>\n<td>385 \u00d7 250 \u0645\u0644\u0645<\/td>\n<\/tr>\n<tr>\n<td>\u0623\u0628\u0639\u0627\u062f \u0627\u0644\u0645\u0646\u062a\u062c (L \u00d7 W \u00d7 H)<\/td>\n<td>2250 \u00d7 1010 \u00d7 1830 \u0645\u0644\u0645<\/td>\n<\/tr>\n<tr>\n<td>\u0645\u0646\u0637\u0642\u0629 \u062c\u0631\u064a<\/td>\n<td>1660 \u00d7 600 \u0645\u0644\u0645<\/td>\n<\/tr>\n<tr>\n<td>\u062d\u062c\u0645 \u0633\u0637\u062d \u0627\u0644\u062c\u0631\u064a<\/td>\n<td>1450 \u00d7 665 \u0645\u0644\u0645<\/td>\n<\/tr>\n<tr>\n<td>\u0627\u0644\u0648\u0632\u0646 \u0627\u0644\u0635\u0627\u0641\u064a (\u0634\u0645\u0627\u0644 \u063a\u0631\u0628)<\/td>\n<td>294 \u0643\u062c\u0645<\/td>\n<\/tr>\n<tr>\n<td>\u0623\u0642\u0635\u0649 \u0648\u0632\u0646 \u0644\u0644\u0645\u0633\u062a\u062e\u062f\u0645<\/td>\n<td>150 \u0643\u062c\u0645<\/td>\n<\/tr>\n<tr>\n<td>\u0645\u064a\u062f\u0627\u0646 \u0627\u0644\u0633\u0631\u0639\u0629<\/td>\n<td>1 - 20 \u0643\u0645 \/ \u0633\u0627\u0639\u0629<\/td>\n<\/tr>\n<tr>\n<td>\u0646\u0637\u0627\u0642 \u0627\u0644\u0627\u0646\u062d\u062f\u0627\u0631<\/td>\n<td>0% \u2013 20%<\/td>\n<\/tr>\n<tr>\n<td>\u0642\u0648\u0629 \u0627\u0644\u0645\u062d\u0631\u0643<\/td>\n<td>3.0 \u2013 7.0 \u062d\u0635\u0627\u0646 (2.2 \u0643\u064a\u0644\u0648 \u0648\u0627\u0637)<\/td>\n<\/tr>\n<tr>\n<td>\u062c\u0647\u062f \u0627\u0644\u062f\u062e\u0644<\/td>\n<td>AC 220V \u00b1 10% (50 \u0647\u0631\u062a\u0632 \u0623\u0648 60 \u0647\u0631\u062a\u0632)<\/td>\n<\/tr>\n<tr>\n<td>\u0627\u0644\u0644\u063a\u0627\u062a \u0627\u0644\u0645\u062f\u0639\u0648\u0645\u0629<\/td>\n<td>\u0627\u0644\u0635\u064a\u0646\u064a\u0629\u060c \u0627\u0644\u0625\u0646\u062c\u0644\u064a\u0632\u064a\u0629\u060c \u0627\u0644\u0641\u0631\u0646\u0633\u064a\u0629\u060c \u0627\u0644\u064a\u0627\u0628\u0627\u0646\u064a\u0629\u060c \u0627\u0644\u0625\u0633\u0628\u0627\u0646\u064a\u0629\u060c \u0627\u0644\u0628\u0631\u062a\u063a\u0627\u0644\u064a\u0629\u060c \u0627\u0644\u0623\u0644\u0645\u0627\u0646\u064a\u0629\u060c \u0627\u0644\u0631\u0648\u0633\u064a\u0629\u060c \u0627\u0644\u0643\u0648\u0631\u064a\u0629\u060c \u0627\u0644\u062a\u0634\u064a\u0643\u064a\u0629\u060c \u0627\u0644\u0625\u064a\u0637\u0627\u0644\u064a\u0629<\/td>\n<\/tr>\n<\/tbody>\n<\/table>","protected":false},"excerpt":{"rendered":"<p>Commercial Treadmill &#8211; AT-T8001 Item Specification Equipment Type Commercial Treadmill (Android) Rear Display Size (W \u00d7 H) 385 \u00d7 250 mm Product Dimensions (L \u00d7 W \u00d7 H) 2250 \u00d7 1010 \u00d7 1830 mm Running Area 1660 \u00d7 600 mm Running Deck Size 1450 \u00d7 665 mm Net Weight (N.W.) 294 kg Maximum User Weight [&hellip;]<\/p>\n","protected":false},"featured_media":659,"template":"","meta":[],"product_brand":[],"product_cat":[34,35],"product_tag":[],"class_list":{"0":"post-658","1":"product","2":"type-product","3":"status-publish","4":"has-post-thumbnail","6":"product_cat-aerobic-training-equipment","7":"product_cat-commercial-treadmill-non-powered-treadmill","9":"first","10":"instock","11":"shipping-taxable","12":"product-type-simple"},"_links":{"self":[{"href":"https:\/\/corexofitness.com\/ar\/wp-json\/wp\/v2\/product\/658","targetHints":{"allow":["GET"]}}],"collection":[{"href":"https:\/\/corexofitness.com\/ar\/wp-json\/wp\/v2\/product"}],"about":[{"href":"https:\/\/corexofitness.com\/ar\/wp-json\/wp\/v2\/types\/product"}],"wp:featuredmedia":[{"embeddable":true,"href":"https:\/\/corexofitness.com\/ar\/wp-json\/wp\/v2\/media\/659"}],"wp:attachment":[{"href":"https:\/\/corexofitness.com\/ar\/wp-json\/wp\/v2\/media?parent=658"}],"wp:term":[{"taxonomy":"product_brand","embeddable":true,"href":"https:\/\/corexofitness.com\/ar\/wp-json\/wp\/v2\/product_brand?post=658"},{"taxonomy":"product_cat","embeddable":true,"href":"https:\/\/corexofitness.com\/ar\/wp-json\/wp\/v2\/product_cat?post=658"},{"taxonomy":"product_tag","embeddable":true,"href":"https:\/\/corexofitness.com\/ar\/wp-json\/wp\/v2\/product_tag?post=658"}],"curies":[{"name":"wp","href":"https:\/\/api.w.org\/{rel}","templated":true}]}}