{"id":655,"date":"2026-01-30T09:03:07","date_gmt":"2026-01-30T09:03:07","guid":{"rendered":"https:\/\/corexofitness.com\/?post_type=product&#038;p=655"},"modified":"2026-03-13T03:06:32","modified_gmt":"2026-03-13T03:06:32","slug":"training-bench-fb1003","status":"publish","type":"product","link":"https:\/\/corexofitness.com\/ar\/product\/training-bench-fb1003\/","title":{"rendered":"\u0645\u0642\u0639\u062f \u0627\u0644\u062a\u062f\u0631\u064a\u0628 \u2013 FB1003"},"content":{"rendered":"<h2>\u0645\u0642\u0639\u062f \u0627\u0644\u062a\u062f\u0631\u064a\u0628 \u2013 FB1003<\/h2>\n<table style=\"border-collapse: collapse; font-family: Arial, sans-serif;\" border=\"1\" cellspacing=\"0\" cellpadding=\"8\">\n<thead>\n<tr style=\"background-color: #f2f2f2;\">\n<th>\u0645\u0627\u062f\u0629<\/th>\n<th>\u0645\u0648\u0627\u0635\u0641\u0627\u062a<\/th>\n<\/tr>\n<\/thead>\n<tbody>\n<tr>\n<td>\u0646\u0648\u0639 \u0627\u0644\u0645\u0639\u062f\u0627\u062a<\/td>\n<td>\u0645\u0642\u0639\u062f \u0645\u0633\u0637\u062d<\/td>\n<\/tr>\n<tr>\n<td>\u0627\u0644\u0648\u0632\u0646 \u0627\u0644\u0635\u0627\u0641\u064a \/ \u0627\u0644\u0648\u0632\u0646 \u0627\u0644\u0625\u062c\u0645\u0627\u0644\u064a<\/td>\n<td>20 \u0643\u062c\u0645 \/ 31 \u0643\u062c\u0645<\/td>\n<\/tr>\n<tr>\n<td>\u0627\u0644\u0623\u0628\u0639\u0627\u062f \u0627\u0644\u0645\u062c\u0645\u0639\u0629 (L \u00d7 W \u00d7 H)<\/td>\n<td>1276 \u00d7 658 \u00d7 400 \u0645\u0645<\/td>\n<\/tr>\n<tr>\n<td>\u062d\u062c\u0645 \u0643\u0631\u062a\u0648\u0646 \u0627\u0644\u062a\u0639\u0628\u0626\u0629 \u0648\u0627\u0644\u062a\u063a\u0644\u064a\u0641<\/td>\n<td>1500 \u00d7 1150 \u00d7 650 \u0645\u0644\u0645<\/td>\n<\/tr>\n<\/tbody>\n<\/table>","protected":false},"excerpt":{"rendered":"<p>Training Bench &#8211; FB1003 Item Specification Equipment Type Flat Bench Net Weight \/ Gross Weight 20 kg \/ 31 kg Assembled Dimensions (L \u00d7 W \u00d7 H) 1276 \u00d7 658 \u00d7 400 mm Packaging Carton Size 1500 \u00d7 1150 \u00d7 650 mm<\/p>","protected":false},"featured_media":656,"template":"","meta":[],"product_brand":[],"product_cat":[33,30],"product_tag":[],"class_list":{"0":"post-655","1":"product","2":"type-product","3":"status-publish","4":"has-post-thumbnail","6":"product_cat-benches-training-bench-fb-series","7":"product_cat-free-power-equipment","9":"first","10":"instock","11":"shipping-taxable","12":"product-type-simple"},"_links":{"self":[{"href":"https:\/\/corexofitness.com\/ar\/wp-json\/wp\/v2\/product\/655","targetHints":{"allow":["GET"]}}],"collection":[{"href":"https:\/\/corexofitness.com\/ar\/wp-json\/wp\/v2\/product"}],"about":[{"href":"https:\/\/corexofitness.com\/ar\/wp-json\/wp\/v2\/types\/product"}],"wp:featuredmedia":[{"embeddable":true,"href":"https:\/\/corexofitness.com\/ar\/wp-json\/wp\/v2\/media\/656"}],"wp:attachment":[{"href":"https:\/\/corexofitness.com\/ar\/wp-json\/wp\/v2\/media?parent=655"}],"wp:term":[{"taxonomy":"product_brand","embeddable":true,"href":"https:\/\/corexofitness.com\/ar\/wp-json\/wp\/v2\/product_brand?post=655"},{"taxonomy":"product_cat","embeddable":true,"href":"https:\/\/corexofitness.com\/ar\/wp-json\/wp\/v2\/product_cat?post=655"},{"taxonomy":"product_tag","embeddable":true,"href":"https:\/\/corexofitness.com\/ar\/wp-json\/wp\/v2\/product_tag?post=655"}],"curies":[{"name":"wp","href":"https:\/\/api.w.org\/{rel}","templated":true}]}}