{"id":646,"date":"2026-01-30T08:49:44","date_gmt":"2026-01-30T08:49:44","guid":{"rendered":"https:\/\/corexofitness.com\/?post_type=product&#038;p=646"},"modified":"2026-03-14T05:55:13","modified_gmt":"2026-03-14T05:55:13","slug":"squat-rack-fr2002","status":"publish","type":"product","link":"https:\/\/corexofitness.com\/ar\/product\/squat-rack-fr2002\/","title":{"rendered":"\u0631\u0641 \u0627\u0644\u0642\u0631\u0641\u0635\u0627\u0621 - FR2002"},"content":{"rendered":"<h2>\u0631\u0641 \u0627\u0644\u0642\u0631\u0641\u0635\u0627\u0621 - FR2002<\/h2>\n<table style=\"border-collapse: collapse; font-family: Arial, sans-serif;\" border=\"1\" cellspacing=\"0\" cellpadding=\"8\">\n<thead>\n<tr style=\"background-color: #f2f2f2;\">\n<th>\u0645\u0627\u062f\u0629<\/th>\n<th>\u0645\u0648\u0627\u0635\u0641\u0627\u062a<\/th>\n<\/tr>\n<\/thead>\n<tbody>\n<tr>\n<td>\u0646\u0648\u0639 \u0627\u0644\u0645\u0639\u062f\u0627\u062a<\/td>\n<td>\u0631\u0641 \u0627\u0644\u0642\u0631\u0641\u0635\u0627\u0621<\/td>\n<\/tr>\n<tr>\n<td>\u0648\u0632\u0646 \u0627\u0644\u0622\u0644\u0629<\/td>\n<td>87 \u0643\u062c\u0645<\/td>\n<\/tr>\n<tr>\n<td>\u0627\u0644\u0623\u0628\u0639\u0627\u062f (L \u00d7 W \u00d7 H)<\/td>\n<td>1818 \u00d7 1470 \u00d7 1880 \u0645\u0644\u0645<\/td>\n<\/tr>\n<\/tbody>\n<\/table>","protected":false},"excerpt":{"rendered":"<p>Squat Rack &#8211; FR2002 Item Specification Equipment Type Squat Rack Machine Weight 87 kg Dimensions (L \u00d7 W \u00d7 H) 1818 \u00d7 1470 \u00d7 1880 mm<\/p>","protected":false},"featured_media":647,"template":"","meta":[],"product_brand":[],"product_cat":[30,31],"product_tag":[],"class_list":{"0":"post-646","1":"product","2":"type-product","3":"status-publish","4":"has-post-thumbnail","6":"product_cat-free-power-equipment","7":"product_cat-racksframes-power-frame-fr-series","9":"first","10":"instock","11":"shipping-taxable","12":"product-type-simple"},"_links":{"self":[{"href":"https:\/\/corexofitness.com\/ar\/wp-json\/wp\/v2\/product\/646","targetHints":{"allow":["GET"]}}],"collection":[{"href":"https:\/\/corexofitness.com\/ar\/wp-json\/wp\/v2\/product"}],"about":[{"href":"https:\/\/corexofitness.com\/ar\/wp-json\/wp\/v2\/types\/product"}],"wp:featuredmedia":[{"embeddable":true,"href":"https:\/\/corexofitness.com\/ar\/wp-json\/wp\/v2\/media\/647"}],"wp:attachment":[{"href":"https:\/\/corexofitness.com\/ar\/wp-json\/wp\/v2\/media?parent=646"}],"wp:term":[{"taxonomy":"product_brand","embeddable":true,"href":"https:\/\/corexofitness.com\/ar\/wp-json\/wp\/v2\/product_brand?post=646"},{"taxonomy":"product_cat","embeddable":true,"href":"https:\/\/corexofitness.com\/ar\/wp-json\/wp\/v2\/product_cat?post=646"},{"taxonomy":"product_tag","embeddable":true,"href":"https:\/\/corexofitness.com\/ar\/wp-json\/wp\/v2\/product_tag?post=646"}],"curies":[{"name":"wp","href":"https:\/\/api.w.org\/{rel}","templated":true}]}}