{"id":636,"date":"2026-01-30T08:21:41","date_gmt":"2026-01-30T08:21:41","guid":{"rendered":"https:\/\/corexofitness.com\/?post_type=product&#038;p=636"},"modified":"2026-03-12T08:14:47","modified_gmt":"2026-03-12T08:14:47","slug":"4-station-multi-gym-ms1001","status":"publish","type":"product","link":"https:\/\/corexofitness.com\/ar\/product\/4-station-multi-gym-ms1001\/","title":{"rendered":"4 \u0633\u062a\u064a\u0634\u0646 \u0645\u0648\u0644\u062a\u064a \u062c\u064a\u0645 - MS1001"},"content":{"rendered":"<h2>4 \u0633\u062a\u064a\u0634\u0646 \u0645\u0648\u0644\u062a\u064a \u062c\u064a\u0645 - MS1001<\/h2>\n<table style=\"border-collapse: collapse; font-family: Arial, sans-serif;\" border=\"1\" cellspacing=\"0\" cellpadding=\"8\">\n<thead>\n<tr style=\"background-color: #f2f2f2;\">\n<th>\u0645\u0627\u062f\u0629<\/th>\n<th>\u0645\u0648\u0627\u0635\u0641\u0627\u062a<\/th>\n<\/tr>\n<\/thead>\n<tbody>\n<tr>\n<td>\u0646\u0648\u0639 \u0627\u0644\u0645\u0639\u062f\u0627\u062a<\/td>\n<td>4-\u0645\u062d\u0637\u0627\u062a \u0635\u0627\u0644\u0629 \u0631\u064a\u0627\u0636\u064a\u0629 \u0645\u062a\u0639\u062f\u062f\u0629<\/td>\n<\/tr>\n<tr>\n<td>\u0645\u0643\u062f\u0633 \u0648\u0632\u0646 \u0645\u0646\u062e\u0641\u0636<\/td>\n<td>100 \u0643\u062c\u0645<\/td>\n<\/tr>\n<tr>\n<td>\u0645\u0643\u062f\u0633 \u0627\u0644\u0648\u0632\u0646 \u0627\u0644\u0645\u0646\u0633\u062f\u0644<\/td>\n<td>100 \u0643\u062c\u0645<\/td>\n<\/tr>\n<tr>\n<td>\u0645\u0643\u062f\u0633 \u0648\u0632\u0646 \u0627\u0644\u0628\u0643\u0631\u0629 \u0642\u0627\u0628\u0644 \u0644\u0644\u062a\u0639\u062f\u064a\u0644<\/td>\n<td>80 \u0643\u062c\u0645<\/td>\n<\/tr>\n<tr>\n<td>\u0645\u0643\u062f\u0633 \u0627\u0644\u0648\u0632\u0646 \u0645\u062d\u0637\u0629 \u062b\u0644\u0627\u062b\u064a\u0629 \u0627\u0644\u0631\u0624\u0648\u0633<\/td>\n<td>80 \u0643\u062c\u0645<\/td>\n<\/tr>\n<tr>\n<td>\u0648\u0632\u0646 \u0627\u0644\u0622\u0644\u0629<\/td>\n<td>648 \u0643\u062c\u0645<\/td>\n<\/tr>\n<tr>\n<td>\u0627\u0644\u0623\u0628\u0639\u0627\u062f (L \u00d7 W \u00d7 H)<\/td>\n<td>3452 \u00d7 1498 \u00d7 2263 \u0645\u0644\u0645<\/td>\n<\/tr>\n<\/tbody>\n<\/table>","protected":false},"excerpt":{"rendered":"<p>4 Station Multi Gym &#8211; MS1001 Item Specification Equipment Type 4-Station Multi-Gym Low Row Weight Stack 100 kg Lat Pulldown Weight Stack 100 kg Adjustable Pulley Weight Stack 80 kg Triceps Station Weight Stack 80 kg Machine Weight 648 kg Dimensions (L \u00d7 W \u00d7 H) 3452 \u00d7 1498 \u00d7 2263 mm<\/p>","protected":false},"featured_media":637,"template":"","meta":[],"product_brand":[],"product_cat":[29,25],"product_tag":[],"class_list":{"0":"post-636","1":"product","2":"type-product","3":"status-publish","4":"has-post-thumbnail","6":"product_cat-multi-station-machines-ms1-2-3-x-series","7":"product_cat-strength-training-equipment","9":"first","10":"instock","11":"shipping-taxable","12":"product-type-simple"},"_links":{"self":[{"href":"https:\/\/corexofitness.com\/ar\/wp-json\/wp\/v2\/product\/636","targetHints":{"allow":["GET"]}}],"collection":[{"href":"https:\/\/corexofitness.com\/ar\/wp-json\/wp\/v2\/product"}],"about":[{"href":"https:\/\/corexofitness.com\/ar\/wp-json\/wp\/v2\/types\/product"}],"wp:featuredmedia":[{"embeddable":true,"href":"https:\/\/corexofitness.com\/ar\/wp-json\/wp\/v2\/media\/637"}],"wp:attachment":[{"href":"https:\/\/corexofitness.com\/ar\/wp-json\/wp\/v2\/media?parent=636"}],"wp:term":[{"taxonomy":"product_brand","embeddable":true,"href":"https:\/\/corexofitness.com\/ar\/wp-json\/wp\/v2\/product_brand?post=636"},{"taxonomy":"product_cat","embeddable":true,"href":"https:\/\/corexofitness.com\/ar\/wp-json\/wp\/v2\/product_cat?post=636"},{"taxonomy":"product_tag","embeddable":true,"href":"https:\/\/corexofitness.com\/ar\/wp-json\/wp\/v2\/product_tag?post=636"}],"curies":[{"name":"wp","href":"https:\/\/api.w.org\/{rel}","templated":true}]}}