{"id":633,"date":"2026-01-30T08:15:57","date_gmt":"2026-01-30T08:15:57","guid":{"rendered":"https:\/\/corexofitness.com\/?post_type=product&#038;p=633"},"modified":"2026-03-14T06:04:32","modified_gmt":"2026-03-14T06:04:32","slug":"plate-loaded-bench-press-machine-moy3","status":"publish","type":"product","link":"https:\/\/corexofitness.com\/ar\/product\/plate-loaded-bench-press-machine-moy3\/","title":{"rendered":"\u0622\u0644\u0629 \u0636\u063a\u0637 \u0645\u0642\u0627\u0639\u062f \u0627\u0644\u0628\u062f\u0644\u0627\u0621 \u0627\u0644\u0645\u062d\u0645\u0644\u0629 - MOY3"},"content":{"rendered":"<h2>\u0622\u0644\u0629 \u0636\u063a\u0637 \u0645\u0642\u0627\u0639\u062f \u0627\u0644\u0628\u062f\u0644\u0627\u0621 \u0627\u0644\u0645\u062d\u0645\u0644\u0629 - MOY3<\/h2>\n<table style=\"border-collapse: collapse; font-family: Arial, sans-serif;\" border=\"1\" cellspacing=\"0\" cellpadding=\"8\">\n<thead>\n<tr style=\"background-color: #f2f2f2;\">\n<th>\u0645\u0627\u062f\u0629<\/th>\n<th>\u0645\u0648\u0627\u0635\u0641\u0627\u062a<\/th>\n<\/tr>\n<\/thead>\n<tbody>\n<tr>\n<td>\u062a\u0645\u0631\u064a\u0646<\/td>\n<td>\u062a\u0645\u062f\u064a\u062f \u0627\u0644\u0633\u0627\u0642 ISO<\/td>\n<\/tr>\n<tr>\n<td>\u0648\u0632\u0646 \u0627\u0644\u0622\u0644\u0629<\/td>\n<td>129 \u0643\u062c\u0645<\/td>\n<\/tr>\n<tr>\n<td>\u0627\u0644\u0623\u0628\u0639\u0627\u062f (L \u00d7 W \u00d7 H)<\/td>\n<td>1860 \u00d7 1850 \u00d7 1015 \u0645\u0644\u0645<\/td>\n<\/tr>\n<\/tbody>\n<\/table>","protected":false},"excerpt":{"rendered":"<p>Plate Loaded Bench Press Machine &#8211; MOY3 Item Specification Exercise Iso-Lateral Leg Extension Machine Weight 129 kg Dimensions (L \u00d7 W \u00d7 H) 1860 \u00d7 1850 \u00d7 1015 mm<\/p>","protected":false},"featured_media":634,"template":"","meta":[],"product_brand":[],"product_cat":[28,25],"product_tag":[],"class_list":{"0":"post-633","1":"product","2":"type-product","3":"status-publish","4":"has-post-thumbnail","6":"product_cat-plate-loaded-strength-hanging-plate-strength-equipment-moy-series","7":"product_cat-strength-training-equipment","9":"first","10":"instock","11":"shipping-taxable","12":"product-type-simple"},"_links":{"self":[{"href":"https:\/\/corexofitness.com\/ar\/wp-json\/wp\/v2\/product\/633","targetHints":{"allow":["GET"]}}],"collection":[{"href":"https:\/\/corexofitness.com\/ar\/wp-json\/wp\/v2\/product"}],"about":[{"href":"https:\/\/corexofitness.com\/ar\/wp-json\/wp\/v2\/types\/product"}],"wp:featuredmedia":[{"embeddable":true,"href":"https:\/\/corexofitness.com\/ar\/wp-json\/wp\/v2\/media\/634"}],"wp:attachment":[{"href":"https:\/\/corexofitness.com\/ar\/wp-json\/wp\/v2\/media?parent=633"}],"wp:term":[{"taxonomy":"product_brand","embeddable":true,"href":"https:\/\/corexofitness.com\/ar\/wp-json\/wp\/v2\/product_brand?post=633"},{"taxonomy":"product_cat","embeddable":true,"href":"https:\/\/corexofitness.com\/ar\/wp-json\/wp\/v2\/product_cat?post=633"},{"taxonomy":"product_tag","embeddable":true,"href":"https:\/\/corexofitness.com\/ar\/wp-json\/wp\/v2\/product_tag?post=633"}],"curies":[{"name":"wp","href":"https:\/\/api.w.org\/{rel}","templated":true}]}}