{"id":626,"date":"2026-01-30T07:48:09","date_gmt":"2026-01-30T07:48:09","guid":{"rendered":"https:\/\/corexofitness.com\/?post_type=product&#038;p=626"},"modified":"2026-03-14T06:13:18","modified_gmt":"2026-03-14T06:13:18","slug":"seated-shoulder-press-machine-m303","status":"publish","type":"product","link":"https:\/\/corexofitness.com\/ar\/product\/seated-shoulder-press-machine-m303\/","title":{"rendered":"\u0622\u0644\u0629 \u0636\u063a\u0637 \u0627\u0644\u0643\u062a\u0641 - M303"},"content":{"rendered":"<h2>\u0622\u0644\u0629 \u0636\u063a\u0637 \u0627\u0644\u0643\u062a\u0641 - M303<\/h2>\n<table style=\"border-collapse: collapse; font-family: Arial, sans-serif;\" border=\"1\" cellspacing=\"0\" cellpadding=\"8\">\n<thead>\n<tr style=\"background-color: #f2f2f2;\">\n<th>\u0645\u0627\u062f\u0629<\/th>\n<th>\u0645\u0648\u0627\u0635\u0641\u0627\u062a<\/th>\n<\/tr>\n<\/thead>\n<tbody>\n<tr>\n<td>\u062a\u0645\u0631\u064a\u0646<\/td>\n<td>\u0643\u062a\u0641 \u0645\u0643\u0628\u0633<\/td>\n<\/tr>\n<tr>\n<td>\u0639\u0627\u0631\u0636\u0629<\/td>\n<td>\u062a\u064a \u062a\u064a \u062a\u064a-\u0625\u06468012<\/td>\n<\/tr>\n<tr>\n<td>\u0643\u0648\u0645\u0629 \u0627\u0644\u0648\u0632\u0646<\/td>\n<td>65 \u0643\u062c\u0645<\/td>\n<\/tr>\n<tr>\n<td>\u0648\u0632\u0646 \u0627\u0644\u0622\u0644\u0629<\/td>\n<td>226 \u0643\u062c\u0645<\/td>\n<\/tr>\n<tr>\n<td>\u0627\u0644\u0623\u0628\u0639\u0627\u062f (L \u00d7 W \u00d7 H)<\/td>\n<td>1670 \u00d7 1370 \u00d7 1590 \u0645\u0644\u0645<\/td>\n<\/tr>\n<tr>\n<td>\u0635\u0628\u0627\u063a<\/td>\n<td>\u0642\u0627\u0628\u0644 \u0644\u0644\u062a\u062e\u0635\u064a\u0635<\/td>\n<\/tr>\n<\/tbody>\n<\/table>","protected":false},"excerpt":{"rendered":"<p>Seated Shoulder Press Machine &#8211; M303 Item Specification Exercise Shoulder Press Model TZ-N8012 Weight Stack 65 kg Machine Weight 226 kg Dimensions (L \u00d7 W \u00d7 H) 1670 \u00d7 1370 \u00d7 1590 mm Color Customizable<\/p>","protected":false},"featured_media":627,"template":"","meta":[],"product_brand":[],"product_cat":[27,25],"product_tag":[],"class_list":{"0":"post-626","1":"product","2":"type-product","3":"status-publish","4":"has-post-thumbnail","6":"product_cat-selected-strength-counterweight-m3-series","7":"product_cat-strength-training-equipment","9":"first","10":"instock","11":"shipping-taxable","12":"product-type-simple"},"_links":{"self":[{"href":"https:\/\/corexofitness.com\/ar\/wp-json\/wp\/v2\/product\/626","targetHints":{"allow":["GET"]}}],"collection":[{"href":"https:\/\/corexofitness.com\/ar\/wp-json\/wp\/v2\/product"}],"about":[{"href":"https:\/\/corexofitness.com\/ar\/wp-json\/wp\/v2\/types\/product"}],"wp:featuredmedia":[{"embeddable":true,"href":"https:\/\/corexofitness.com\/ar\/wp-json\/wp\/v2\/media\/627"}],"wp:attachment":[{"href":"https:\/\/corexofitness.com\/ar\/wp-json\/wp\/v2\/media?parent=626"}],"wp:term":[{"taxonomy":"product_brand","embeddable":true,"href":"https:\/\/corexofitness.com\/ar\/wp-json\/wp\/v2\/product_brand?post=626"},{"taxonomy":"product_cat","embeddable":true,"href":"https:\/\/corexofitness.com\/ar\/wp-json\/wp\/v2\/product_cat?post=626"},{"taxonomy":"product_tag","embeddable":true,"href":"https:\/\/corexofitness.com\/ar\/wp-json\/wp\/v2\/product_tag?post=626"}],"curies":[{"name":"wp","href":"https:\/\/api.w.org\/{rel}","templated":true}]}}