{"id":624,"date":"2026-01-30T07:45:58","date_gmt":"2026-01-30T07:45:58","guid":{"rendered":"https:\/\/corexofitness.com\/?post_type=product&#038;p=624"},"modified":"2026-03-14T06:17:09","modified_gmt":"2026-03-14T06:17:09","slug":"butterfly-machine-m302","status":"publish","type":"product","link":"https:\/\/corexofitness.com\/ar\/product\/butterfly-machine-m302\/","title":{"rendered":"\u0622\u0644\u0629 \u0627\u0644\u0641\u0631\u0627\u0634\u0629 - M302"},"content":{"rendered":"<h2>\u0622\u0644\u0629 \u0627\u0644\u0641\u0631\u0627\u0634\u0629 - M302<\/h2>\n<table style=\"border-collapse: collapse; font-family: Arial, sans-serif;\" border=\"1\" cellspacing=\"0\" cellpadding=\"8\">\n<thead>\n<tr style=\"background-color: #f2f2f2;\">\n<th>\u0645\u0627\u062f\u0629<\/th>\n<th>\u0645\u0648\u0627\u0635\u0641\u0627\u062a<\/th>\n<\/tr>\n<\/thead>\n<tbody>\n<tr>\n<td>\u062a\u0645\u0631\u064a\u0646<\/td>\n<td>\u0622\u0644\u0629 \u0627\u0644\u0641\u0631\u0627\u0634\u0629<\/td>\n<\/tr>\n<tr>\n<td>\u0639\u0627\u0631\u0636\u0629<\/td>\n<td>\u062a\u064a \u062a\u064a \u062a\u064a-\u0625\u06468047<\/td>\n<\/tr>\n<tr>\n<td>\u0643\u0648\u0645\u0629 \u0627\u0644\u0648\u0632\u0646<\/td>\n<td>100 \u0643\u062c\u0645<\/td>\n<\/tr>\n<tr>\n<td>\u0648\u0632\u0646 \u0627\u0644\u0622\u0644\u0629<\/td>\n<td>236 \u0643\u062c\u0645<\/td>\n<\/tr>\n<tr>\n<td>\u0627\u0644\u0623\u0628\u0639\u0627\u062f (L \u00d7 W \u00d7 H)<\/td>\n<td>1500 \u00d7 1290 \u00d7 2025 \u0645\u0644\u0645<\/td>\n<\/tr>\n<tr>\n<td>\u0635\u0628\u0627\u063a<\/td>\n<td>\u0642\u0627\u0628\u0644 \u0644\u0644\u062a\u062e\u0635\u064a\u0635<\/td>\n<\/tr>\n<\/tbody>\n<\/table>","protected":false},"excerpt":{"rendered":"<p>Butterfly Machine &#8211; M302 Item Specification Exercise Butterfly Machine Model TZ-N8047 Weight Stack 100 kg Machine Weight 236 kg Dimensions (L \u00d7 W \u00d7 H) 1500 \u00d7 1290 \u00d7 2025 mm Color Customizable<\/p>","protected":false},"featured_media":625,"template":"","meta":[],"product_brand":[],"product_cat":[27,25],"product_tag":[],"class_list":{"0":"post-624","1":"product","2":"type-product","3":"status-publish","4":"has-post-thumbnail","6":"product_cat-selected-strength-counterweight-m3-series","7":"product_cat-strength-training-equipment","9":"first","10":"instock","11":"shipping-taxable","12":"product-type-simple"},"_links":{"self":[{"href":"https:\/\/corexofitness.com\/ar\/wp-json\/wp\/v2\/product\/624","targetHints":{"allow":["GET"]}}],"collection":[{"href":"https:\/\/corexofitness.com\/ar\/wp-json\/wp\/v2\/product"}],"about":[{"href":"https:\/\/corexofitness.com\/ar\/wp-json\/wp\/v2\/types\/product"}],"wp:featuredmedia":[{"embeddable":true,"href":"https:\/\/corexofitness.com\/ar\/wp-json\/wp\/v2\/media\/625"}],"wp:attachment":[{"href":"https:\/\/corexofitness.com\/ar\/wp-json\/wp\/v2\/media?parent=624"}],"wp:term":[{"taxonomy":"product_brand","embeddable":true,"href":"https:\/\/corexofitness.com\/ar\/wp-json\/wp\/v2\/product_brand?post=624"},{"taxonomy":"product_cat","embeddable":true,"href":"https:\/\/corexofitness.com\/ar\/wp-json\/wp\/v2\/product_cat?post=624"},{"taxonomy":"product_tag","embeddable":true,"href":"https:\/\/corexofitness.com\/ar\/wp-json\/wp\/v2\/product_tag?post=624"}],"curies":[{"name":"wp","href":"https:\/\/api.w.org\/{rel}","templated":true}]}}