{"id":2165,"date":"2026-02-12T02:51:39","date_gmt":"2026-02-12T02:51:39","guid":{"rendered":"https:\/\/corexofitness.com\/?post_type=product&#038;p=2165"},"modified":"2026-03-12T08:10:45","modified_gmt":"2026-03-12T08:10:45","slug":"4-station-multi-gym-ms1003","status":"publish","type":"product","link":"https:\/\/corexofitness.com\/ar\/product\/4-station-multi-gym-ms1003\/","title":{"rendered":"4 \u0633\u062a\u064a\u0634\u0646 \u0645\u062a\u0639\u062f\u062f \u0627\u0644\u0635\u0627\u0644\u0629 \u0627\u0644\u0631\u064a\u0627\u0636\u064a\u0629 \u2013 MS1003"},"content":{"rendered":"<h2>4 \u0633\u062a\u064a\u0634\u0646 \u0645\u062a\u0639\u062f\u062f \u0627\u0644\u0635\u0627\u0644\u0629 \u0627\u0644\u0631\u064a\u0627\u0636\u064a\u0629 \u2013 MS1003<\/h2>\n<table style=\"border-collapse: collapse; font-family: Arial, sans-serif;\" border=\"1\" cellspacing=\"0\" cellpadding=\"8\">\n<thead>\n<tr style=\"background-color: #f2f2f2;\">\n<th>\u0645\u0627\u062f\u0629<\/th>\n<th>\u0645\u0648\u0627\u0635\u0641\u0627\u062a<\/th>\n<\/tr>\n<\/thead>\n<tbody>\n<tr>\n<td>\u0646\u0648\u0639 \u0627\u0644\u0645\u0639\u062f\u0627\u062a<\/td>\n<td>4-\u0645\u062d\u0637\u0627\u062a \u0635\u0627\u0644\u0629 \u0631\u064a\u0627\u0636\u064a\u0629 \u0645\u062a\u0639\u062f\u062f\u0629<\/td>\n<\/tr>\n<tr>\n<td>\u0627\u0644\u0648\u0632\u0646 \u0627\u0644\u0635\u0627\u0641\u064a \/ \u0627\u0644\u0648\u0632\u0646 \u0627\u0644\u0625\u062c\u0645\u0627\u0644\u064a<\/td>\n<td>615 \u0643\u062c\u0645\/700 \u0643\u062c\u0645<\/td>\n<\/tr>\n<tr>\n<td>\u0623\u0628\u0639\u0627\u062f \u0627\u0644\u0622\u0644\u0629 (L \u00d7 W \u00d7 H)<\/td>\n<td>3450 \u00d7 1650 \u00d7 2330 \u0645\u0644\u0645<\/td>\n<\/tr>\n<tr>\n<td>\u0623\u0628\u0639\u0627\u062f \u0627\u0644\u0643\u0631\u062a\u0648\u0646 1 (L \u00d7 W \u00d7 H)<\/td>\n<td>2300 \u00d7 1000 \u00d7 500 \u0645\u0645<\/td>\n<\/tr>\n<tr>\n<td>\u0643\u0631\u062a\u0648\u0646 2 \u0623\u0628\u0639\u0627\u062f (L \u00d7 W \u00d7 H)<\/td>\n<td>1320 \u00d7 350 \u00d7 210 \u0645\u0644\u0645<\/td>\n<\/tr>\n<tr>\n<td>\u0645\u0643\u062f\u0633 \u0627\u0644\u0648\u0632\u0646 (WS)<\/td>\n<td>80 \u0643\u062c\u0645 \u00d7 4<\/td>\n<\/tr>\n<tr>\n<td>\u0637\u0631\u0642 \u0627\u0644\u062a\u062f\u0631\u064a\u0628 \u0627\u0644\u0645\u062a\u0627\u062d\u0629<\/td>\n<td>\u062a\u062f\u0631\u064a\u0628 \u0627\u0644\u0635\u062f\u0631 \u0639\u0644\u0649 \u0627\u0644\u0630\u0631\u0627\u0639 \u0627\u0644\u0645\u0633\u062a\u0642\u064a\u0645 \u060c \u0648\u0627\u0644\u062c\u0644\u0648\u0633 \u0639\u0644\u0649 \u0627\u0644\u0633\u062d\u0628 \u0627\u0644\u0639\u0627\u0644\u064a \u0648\u0627\u0644\u0645\u0646\u062e\u0641\u0636 \u060c \u0648\u0627\u0644\u062a\u062f\u0631\u064a\u0628 \u0627\u0644\u0639\u0645\u0648\u062f\u064a \u0644\u0644\u0637\u064a\u0648\u0631 \u0648\u0637\u0631\u0642 \u0627\u0644\u062a\u062f\u0631\u064a\u0628 \u0627\u0644\u0623\u062e\u0631\u0649<\/td>\n<\/tr>\n<\/tbody>\n<\/table>","protected":false},"excerpt":{"rendered":"<p>4 Station Multi Gym &#8211; MS1003 Item Specification Equipment Type 4-Station Multi-Gym Net Weight\/Gross Weight 615 Kg\/700 Kg Machine Dimensions (L \u00d7 W \u00d7 H) 3450 \u00d7 1650 \u00d7 2330 mm Carton 1 Dimensions (L \u00d7 W \u00d7 H) 2300 \u00d7 1000 \u00d7 500 mm Carton 2 Dimensions (L \u00d7 W \u00d7 H) 1320 \u00d7 [&hellip;]<\/p>\n","protected":false},"featured_media":2166,"template":"","meta":[],"product_brand":[],"product_cat":[29,25],"product_tag":[],"class_list":{"0":"post-2165","1":"product","2":"type-product","3":"status-publish","4":"has-post-thumbnail","6":"product_cat-multi-station-machines-ms1-2-3-x-series","7":"product_cat-strength-training-equipment","9":"first","10":"instock","11":"shipping-taxable","12":"product-type-simple"},"_links":{"self":[{"href":"https:\/\/corexofitness.com\/ar\/wp-json\/wp\/v2\/product\/2165","targetHints":{"allow":["GET"]}}],"collection":[{"href":"https:\/\/corexofitness.com\/ar\/wp-json\/wp\/v2\/product"}],"about":[{"href":"https:\/\/corexofitness.com\/ar\/wp-json\/wp\/v2\/types\/product"}],"wp:featuredmedia":[{"embeddable":true,"href":"https:\/\/corexofitness.com\/ar\/wp-json\/wp\/v2\/media\/2166"}],"wp:attachment":[{"href":"https:\/\/corexofitness.com\/ar\/wp-json\/wp\/v2\/media?parent=2165"}],"wp:term":[{"taxonomy":"product_brand","embeddable":true,"href":"https:\/\/corexofitness.com\/ar\/wp-json\/wp\/v2\/product_brand?post=2165"},{"taxonomy":"product_cat","embeddable":true,"href":"https:\/\/corexofitness.com\/ar\/wp-json\/wp\/v2\/product_cat?post=2165"},{"taxonomy":"product_tag","embeddable":true,"href":"https:\/\/corexofitness.com\/ar\/wp-json\/wp\/v2\/product_tag?post=2165"}],"curies":[{"name":"wp","href":"https:\/\/api.w.org\/{rel}","templated":true}]}}